{"id":4243,"date":"2026-02-20T13:11:31","date_gmt":"2026-02-20T13:11:31","guid":{"rendered":"https:\/\/www.fundacioncanal.com\/tienda\/?post_type=product&#038;p=4243"},"modified":"2026-04-28T11:32:40","modified_gmt":"2026-04-28T11:32:40","slug":"arte-urbano-de-los-origenes-a-banksy","status":"publish","type":"product","link":"https:\/\/www.fundacioncanal.com\/tienda\/producto\/arte-urbano-de-los-origenes-a-banksy\/","title":{"rendered":"Arte urbano. De los or\u00edgenes a Banksy"},"content":{"rendered":"<p>Cat\u00e1logo de la exposici\u00f3n <em>Arte urbano. De los or\u00edgenes a Banksy<\/em> de la Fundaci\u00f3n Canal<\/p>\n","protected":false},"excerpt":{"rendered":"<p>Cat\u00e1logo de la exposici\u00f3n <em>Arte urbano. De los or\u00edgenes a Banksy<\/em> de la Fundaci\u00f3n Canal<\/p>\n","protected":false},"featured_media":4247,"template":"","meta":{"_acf_changed":false,"inline_featured_image":false,"wds_primary_product_brand":0,"wds_primary_product_cat":0,"_links_to":"","_links_to_target":""},"product_brand":[],"product_cat":[62,65],"product_tag":[],"class_list":{"0":"post-4243","1":"product","2":"type-product","3":"status-publish","4":"has-post-thumbnail","6":"product_cat-exposiciones","7":"product_cat-publicaciones","9":"first","10":"instock","11":"taxable","12":"shipping-taxable","13":"purchasable","14":"product-type-simple"},"acf":[],"_links":{"self":[{"href":"https:\/\/www.fundacioncanal.com\/tienda\/wp-json\/wp\/v2\/product\/4243","targetHints":{"allow":["GET"]}}],"collection":[{"href":"https:\/\/www.fundacioncanal.com\/tienda\/wp-json\/wp\/v2\/product"}],"about":[{"href":"https:\/\/www.fundacioncanal.com\/tienda\/wp-json\/wp\/v2\/types\/product"}],"wp:featuredmedia":[{"embeddable":true,"href":"https:\/\/www.fundacioncanal.com\/tienda\/wp-json\/wp\/v2\/media\/4247"}],"wp:attachment":[{"href":"https:\/\/www.fundacioncanal.com\/tienda\/wp-json\/wp\/v2\/media?parent=4243"}],"wp:term":[{"taxonomy":"product_brand","embeddable":true,"href":"https:\/\/www.fundacioncanal.com\/tienda\/wp-json\/wp\/v2\/product_brand?post=4243"},{"taxonomy":"product_cat","embeddable":true,"href":"https:\/\/www.fundacioncanal.com\/tienda\/wp-json\/wp\/v2\/product_cat?post=4243"},{"taxonomy":"product_tag","embeddable":true,"href":"https:\/\/www.fundacioncanal.com\/tienda\/wp-json\/wp\/v2\/product_tag?post=4243"}],"curies":[{"name":"wp","href":"https:\/\/api.w.org\/{rel}","templated":true}]}}