{"id":4074,"date":"2025-06-03T09:54:51","date_gmt":"2025-06-03T09:54:51","guid":{"rendered":"https:\/\/www.fundacioncanal.com\/tienda\/?post_type=product&#038;p=4074"},"modified":"2026-04-06T13:59:15","modified_gmt":"2026-04-06T13:59:15","slug":"duane-michals-el-fotografo-de-lo-invisible","status":"publish","type":"product","link":"https:\/\/www.fundacioncanal.com\/tienda\/producto\/duane-michals-el-fotografo-de-lo-invisible\/","title":{"rendered":"Duane Michals. El fot\u00f3grafo de lo invisible"},"content":{"rendered":"<p>Cat\u00e1logo de la exposici\u00f3n <em>Duane Michals. El fot\u00f3grafo de lo invisible<\/em> de la Fundaci\u00f3n Canal, una retrospectiva \u00fanicacreada en estrecha colaboraci\u00f3n con el propio artista que re\u00fane 51 obras\u00a0que recorren seis d\u00e9cadas de trabajo ininterrumpido, desde 1964 hasta sus creaciones m\u00e1s recientes, incluyendo una secuencia de este mismo a\u00f1o.<\/p>\n","protected":false},"excerpt":{"rendered":"<p>Cat\u00e1logo de la exposici\u00f3n <em>Duane Michals. El fot\u00f3grafo de lo invisible<\/em> de la Fundaci\u00f3n Canal, una retrospectiva \u00fanicacreada en estrecha colaboraci\u00f3n con el propio artista que re\u00fane 51 obras\u00a0que recorren seis d\u00e9cadas de trabajo ininterrumpido, desde 1964 hasta sus creaciones m\u00e1s recientes, incluyendo una secuencia de este mismo a\u00f1o.<\/p>\n","protected":false},"featured_media":4412,"template":"","meta":{"_acf_changed":false,"inline_featured_image":false,"wds_primary_product_brand":0,"wds_primary_product_cat":0,"_links_to":"","_links_to_target":""},"product_brand":[],"product_cat":[62,65],"product_tag":[],"class_list":{"0":"post-4074","1":"product","2":"type-product","3":"status-publish","4":"has-post-thumbnail","6":"product_cat-exposiciones","7":"product_cat-publicaciones","9":"first","10":"outofstock","11":"taxable","12":"shipping-taxable","13":"purchasable","14":"product-type-simple"},"acf":[],"_links":{"self":[{"href":"https:\/\/www.fundacioncanal.com\/tienda\/wp-json\/wp\/v2\/product\/4074","targetHints":{"allow":["GET"]}}],"collection":[{"href":"https:\/\/www.fundacioncanal.com\/tienda\/wp-json\/wp\/v2\/product"}],"about":[{"href":"https:\/\/www.fundacioncanal.com\/tienda\/wp-json\/wp\/v2\/types\/product"}],"wp:featuredmedia":[{"embeddable":true,"href":"https:\/\/www.fundacioncanal.com\/tienda\/wp-json\/wp\/v2\/media\/4412"}],"wp:attachment":[{"href":"https:\/\/www.fundacioncanal.com\/tienda\/wp-json\/wp\/v2\/media?parent=4074"}],"wp:term":[{"taxonomy":"product_brand","embeddable":true,"href":"https:\/\/www.fundacioncanal.com\/tienda\/wp-json\/wp\/v2\/product_brand?post=4074"},{"taxonomy":"product_cat","embeddable":true,"href":"https:\/\/www.fundacioncanal.com\/tienda\/wp-json\/wp\/v2\/product_cat?post=4074"},{"taxonomy":"product_tag","embeddable":true,"href":"https:\/\/www.fundacioncanal.com\/tienda\/wp-json\/wp\/v2\/product_tag?post=4074"}],"curies":[{"name":"wp","href":"https:\/\/api.w.org\/{rel}","templated":true}]}}