{"id":4067,"date":"2025-06-03T20:00:45","date_gmt":"2025-06-03T20:00:45","guid":{"rendered":"https:\/\/www.fundacioncanal.com\/tienda\/?post_type=product&#038;p=4067"},"modified":"2025-06-13T13:15:40","modified_gmt":"2025-06-13T13:15:40","slug":"tecnologias-tratamiento-cuaternario-aguas-residuales-monitorizacion-desbordamientos","status":"publish","type":"product","link":"https:\/\/www.fundacioncanal.com\/tienda\/producto\/tecnologias-tratamiento-cuaternario-aguas-residuales-monitorizacion-desbordamientos\/","title":{"rendered":"Tecnolog\u00edas innovadoras sobre el tratamiento cuaternario de aguas residuales y monitorizaci\u00f3n de desbordamientos."},"content":{"rendered":"<p>El estudio\u00a0<b><i>Tecnolog\u00edas innovadoras sobre tratamiento cuaternario de aguas residuales y monitorizaci\u00f3n de desbordamientos\u00a0<\/i><\/b>analiza soluciones tecnol\u00f3gicas innovadoras para hacer frente a los contaminantes emergentes que escapan a los procesos convencionales de depuraci\u00f3n de agua y recoge 29 tecnolog\u00edas innovadoras para avanzar en el cumplimiento de la nueva normativa europea sobre aguas residuales urbanas.<\/p>\n","protected":false},"excerpt":{"rendered":"<p>El estudio\u00a0<b><i>Tecnolog\u00edas innovadoras sobre tratamiento cuaternario de aguas residuales y monitorizaci\u00f3n de desbordamientos\u00a0<\/i><\/b>analiza soluciones tecnol\u00f3gicas innovadoras para hacer frente a los contaminantes emergentes que escapan a los procesos convencionales de depuraci\u00f3n de agua y recoge 29 tecnolog\u00edas innovadoras para avanzar en el cumplimiento de la nueva normativa europea sobre aguas residuales urbanas.<\/p>\n","protected":false},"featured_media":4096,"template":"","meta":{"_acf_changed":false,"inline_featured_image":false,"wds_primary_product_brand":0,"wds_primary_product_cat":0,"_links_to":"","_links_to_target":""},"product_brand":[],"product_cat":[66,65],"product_tag":[],"class_list":{"0":"post-4067","1":"product","2":"type-product","3":"status-publish","4":"has-post-thumbnail","6":"product_cat-cientifico-divulgativas","7":"product_cat-publicaciones","9":"first","10":"instock","11":"downloadable","12":"taxable","13":"shipping-taxable","14":"product-type-simple"},"acf":[],"_links":{"self":[{"href":"https:\/\/www.fundacioncanal.com\/tienda\/wp-json\/wp\/v2\/product\/4067","targetHints":{"allow":["GET"]}}],"collection":[{"href":"https:\/\/www.fundacioncanal.com\/tienda\/wp-json\/wp\/v2\/product"}],"about":[{"href":"https:\/\/www.fundacioncanal.com\/tienda\/wp-json\/wp\/v2\/types\/product"}],"wp:featuredmedia":[{"embeddable":true,"href":"https:\/\/www.fundacioncanal.com\/tienda\/wp-json\/wp\/v2\/media\/4096"}],"wp:attachment":[{"href":"https:\/\/www.fundacioncanal.com\/tienda\/wp-json\/wp\/v2\/media?parent=4067"}],"wp:term":[{"taxonomy":"product_brand","embeddable":true,"href":"https:\/\/www.fundacioncanal.com\/tienda\/wp-json\/wp\/v2\/product_brand?post=4067"},{"taxonomy":"product_cat","embeddable":true,"href":"https:\/\/www.fundacioncanal.com\/tienda\/wp-json\/wp\/v2\/product_cat?post=4067"},{"taxonomy":"product_tag","embeddable":true,"href":"https:\/\/www.fundacioncanal.com\/tienda\/wp-json\/wp\/v2\/product_tag?post=4067"}],"curies":[{"name":"wp","href":"https:\/\/api.w.org\/{rel}","templated":true}]}}