{"id":3694,"date":"2024-11-04T16:49:41","date_gmt":"2024-11-04T16:49:41","guid":{"rendered":"https:\/\/www.fundacioncanal.com\/tienda\/?post_type=product&#038;p=3694"},"modified":"2025-07-17T10:42:09","modified_gmt":"2025-07-17T10:42:09","slug":"matisse-metamorfosis","status":"publish","type":"product","link":"https:\/\/www.fundacioncanal.com\/tienda\/producto\/matisse-metamorfosis\/","title":{"rendered":"Matisse Metamorfosis. Esculturas y dibujos"},"content":{"rendered":"","protected":false},"excerpt":{"rendered":"<p>La Fundaci\u00f3n Canal edita el cat\u00e1logo de la exposici\u00f3n\u00a0<i>Matisse Metamorfosis. Esculturas y dibujos,\u00a0<\/i>la exposici\u00f3n que explora la faceta como escultor de Henri Matisse, caracterizada por la repetici\u00f3n constante y sucesiva de los temas que le inspiraron a lo largo de su vida, como la obsesi\u00f3n por la forma femenina o la naturaleza.<\/p>\n","protected":false},"featured_media":3695,"template":"","meta":{"_acf_changed":false,"inline_featured_image":false,"wds_primary_product_brand":0,"wds_primary_product_cat":0,"_links_to":"","_links_to_target":""},"product_brand":[],"product_cat":[62,65],"product_tag":[],"class_list":{"0":"post-3694","1":"product","2":"type-product","3":"status-publish","4":"has-post-thumbnail","6":"product_cat-exposiciones","7":"product_cat-publicaciones","9":"first","10":"instock","11":"taxable","12":"shipping-taxable","13":"purchasable","14":"product-type-simple"},"acf":[],"_links":{"self":[{"href":"https:\/\/www.fundacioncanal.com\/tienda\/wp-json\/wp\/v2\/product\/3694","targetHints":{"allow":["GET"]}}],"collection":[{"href":"https:\/\/www.fundacioncanal.com\/tienda\/wp-json\/wp\/v2\/product"}],"about":[{"href":"https:\/\/www.fundacioncanal.com\/tienda\/wp-json\/wp\/v2\/types\/product"}],"wp:featuredmedia":[{"embeddable":true,"href":"https:\/\/www.fundacioncanal.com\/tienda\/wp-json\/wp\/v2\/media\/3695"}],"wp:attachment":[{"href":"https:\/\/www.fundacioncanal.com\/tienda\/wp-json\/wp\/v2\/media?parent=3694"}],"wp:term":[{"taxonomy":"product_brand","embeddable":true,"href":"https:\/\/www.fundacioncanal.com\/tienda\/wp-json\/wp\/v2\/product_brand?post=3694"},{"taxonomy":"product_cat","embeddable":true,"href":"https:\/\/www.fundacioncanal.com\/tienda\/wp-json\/wp\/v2\/product_cat?post=3694"},{"taxonomy":"product_tag","embeddable":true,"href":"https:\/\/www.fundacioncanal.com\/tienda\/wp-json\/wp\/v2\/product_tag?post=3694"}],"curies":[{"name":"wp","href":"https:\/\/api.w.org\/{rel}","templated":true}]}}