{"id":3357,"date":"2024-02-19T12:05:36","date_gmt":"2024-02-19T12:05:36","guid":{"rendered":"https:\/\/www.fundacioncanal.com\/tienda\/?post_type=product&#038;p=3357"},"modified":"2024-07-23T06:27:50","modified_gmt":"2024-07-23T06:27:50","slug":"a-surrealismos-la-era-de-la-maquina","status":"publish","type":"product","link":"https:\/\/www.fundacioncanal.com\/tienda\/producto\/a-surrealismos-la-era-de-la-maquina\/","title":{"rendered":"Surrealismos. La era de la m\u00e1quina"},"content":{"rendered":"","protected":false},"excerpt":{"rendered":"<p>El cat\u00e1logo de la exposici\u00f3n\u00a0<i>Surrealismos. La era de la m\u00e1quina<\/i>\u00a0recoge las m\u00e1s de 100 obras que componen la muestra con textos explicativos de su comisaria, Pilar Parcerisas.<\/p>\n","protected":false},"featured_media":3368,"template":"","meta":{"_acf_changed":false,"inline_featured_image":false,"wds_primary_product_brand":0,"wds_primary_product_cat":0,"_links_to":"","_links_to_target":""},"product_brand":[],"product_cat":[62,65],"product_tag":[],"class_list":{"0":"post-3357","1":"product","2":"type-product","3":"status-publish","4":"has-post-thumbnail","6":"product_cat-exposiciones","7":"product_cat-publicaciones","9":"first","10":"instock","11":"taxable","12":"shipping-taxable","13":"purchasable","14":"product-type-simple"},"acf":[],"_links":{"self":[{"href":"https:\/\/www.fundacioncanal.com\/tienda\/wp-json\/wp\/v2\/product\/3357","targetHints":{"allow":["GET"]}}],"collection":[{"href":"https:\/\/www.fundacioncanal.com\/tienda\/wp-json\/wp\/v2\/product"}],"about":[{"href":"https:\/\/www.fundacioncanal.com\/tienda\/wp-json\/wp\/v2\/types\/product"}],"wp:featuredmedia":[{"embeddable":true,"href":"https:\/\/www.fundacioncanal.com\/tienda\/wp-json\/wp\/v2\/media\/3368"}],"wp:attachment":[{"href":"https:\/\/www.fundacioncanal.com\/tienda\/wp-json\/wp\/v2\/media?parent=3357"}],"wp:term":[{"taxonomy":"product_brand","embeddable":true,"href":"https:\/\/www.fundacioncanal.com\/tienda\/wp-json\/wp\/v2\/product_brand?post=3357"},{"taxonomy":"product_cat","embeddable":true,"href":"https:\/\/www.fundacioncanal.com\/tienda\/wp-json\/wp\/v2\/product_cat?post=3357"},{"taxonomy":"product_tag","embeddable":true,"href":"https:\/\/www.fundacioncanal.com\/tienda\/wp-json\/wp\/v2\/product_tag?post=3357"}],"curies":[{"name":"wp","href":"https:\/\/api.w.org\/{rel}","templated":true}]}}