{"id":3153,"date":"2023-02-13T07:48:37","date_gmt":"2023-02-13T07:48:37","guid":{"rendered":"https:\/\/www.fundacioncanal.com\/tienda\/?post_type=product&#038;p=3153"},"modified":"2023-03-01T12:05:23","modified_gmt":"2023-03-01T12:05:23","slug":"lartigue-el-cazador-de-instantes-felices-fotografias-a-color","status":"publish","type":"product","link":"https:\/\/www.fundacioncanal.com\/tienda\/producto\/lartigue-el-cazador-de-instantes-felices-fotografias-a-color\/","title":{"rendered":"Lartigue, el cazador de instantes felices. Fotograf\u00edas a color"},"content":{"rendered":"","protected":false},"excerpt":{"rendered":"<p>La Fundaci\u00f3n Canal edita \u201cLartigue, el cazador de instantes felices. Fotograf\u00edas a color\u201d, que complementa la exposici\u00f3n de mismo nombre. Una publicaci\u00f3n que recoge una selecci\u00f3n de las piezas m\u00e1s destacadas de la muestra y textos explicativos de las comisarias Marion Perceval y Anne Morin.<\/p>\n","protected":false},"featured_media":3156,"template":"","meta":{"_acf_changed":false,"inline_featured_image":false,"wds_primary_product_brand":0,"wds_primary_product_cat":0,"_links_to":"","_links_to_target":""},"product_brand":[],"product_cat":[62,65],"product_tag":[],"class_list":{"0":"post-3153","1":"product","2":"type-product","3":"status-publish","4":"has-post-thumbnail","6":"product_cat-exposiciones","7":"product_cat-publicaciones","9":"first","10":"instock","11":"taxable","12":"shipping-taxable","13":"purchasable","14":"product-type-simple"},"acf":[],"_links":{"self":[{"href":"https:\/\/www.fundacioncanal.com\/tienda\/wp-json\/wp\/v2\/product\/3153","targetHints":{"allow":["GET"]}}],"collection":[{"href":"https:\/\/www.fundacioncanal.com\/tienda\/wp-json\/wp\/v2\/product"}],"about":[{"href":"https:\/\/www.fundacioncanal.com\/tienda\/wp-json\/wp\/v2\/types\/product"}],"wp:featuredmedia":[{"embeddable":true,"href":"https:\/\/www.fundacioncanal.com\/tienda\/wp-json\/wp\/v2\/media\/3156"}],"wp:attachment":[{"href":"https:\/\/www.fundacioncanal.com\/tienda\/wp-json\/wp\/v2\/media?parent=3153"}],"wp:term":[{"taxonomy":"product_brand","embeddable":true,"href":"https:\/\/www.fundacioncanal.com\/tienda\/wp-json\/wp\/v2\/product_brand?post=3153"},{"taxonomy":"product_cat","embeddable":true,"href":"https:\/\/www.fundacioncanal.com\/tienda\/wp-json\/wp\/v2\/product_cat?post=3153"},{"taxonomy":"product_tag","embeddable":true,"href":"https:\/\/www.fundacioncanal.com\/tienda\/wp-json\/wp\/v2\/product_tag?post=3153"}],"curies":[{"name":"wp","href":"https:\/\/api.w.org\/{rel}","templated":true}]}}