{"id":2750,"date":"2021-05-10T12:21:43","date_gmt":"2021-05-10T12:21:43","guid":{"rendered":"https:\/\/www.fundacioncanal.com\/tienda\/?post_type=product&#038;p=2750"},"modified":"2024-07-23T06:29:10","modified_gmt":"2024-07-23T06:29:10","slug":"historia-del-canal-de-isabel-ii","status":"publish","type":"product","link":"https:\/\/www.fundacioncanal.com\/tienda\/producto\/historia-del-canal-de-isabel-ii\/","title":{"rendered":"Historia del Canal de Isabel II"},"content":{"rendered":"","protected":false},"excerpt":{"rendered":"<p>La Historia del Canal de Isabel II recoge los acontecimientos acaecidos desde su creaci\u00f3n hasta la actualidad. Un testimonio sobre la evoluci\u00f3n de la ingenier\u00eda hidr\u00e1ulica empleada en el abastecimiento de agua a la ciudad de Madrid.<\/p>\n<p>Esta Historia del Canal de Isabel II, de Rosario Mart\u00ednez V\u00e1zquez de Parga, cuya primera edici\u00f3n public\u00f3 la Fundaci\u00f3n Canal en 2001 con motivo del 150 aniversario de Canal de Isabel II, ha sido reeditada en 2021 en formato digital.<\/p>\n","protected":false},"featured_media":2745,"template":"","meta":{"_acf_changed":false,"inline_featured_image":false,"wds_primary_product_brand":0,"wds_primary_product_cat":0,"_links_to":"","_links_to_target":""},"product_brand":[],"product_cat":[66,65],"product_tag":[],"class_list":{"0":"post-2750","1":"product","2":"type-product","3":"status-publish","4":"has-post-thumbnail","6":"product_cat-cientifico-divulgativas","7":"product_cat-publicaciones","9":"first","10":"instock","11":"downloadable","12":"taxable","13":"shipping-taxable","14":"product-type-simple"},"acf":[],"_links":{"self":[{"href":"https:\/\/www.fundacioncanal.com\/tienda\/wp-json\/wp\/v2\/product\/2750","targetHints":{"allow":["GET"]}}],"collection":[{"href":"https:\/\/www.fundacioncanal.com\/tienda\/wp-json\/wp\/v2\/product"}],"about":[{"href":"https:\/\/www.fundacioncanal.com\/tienda\/wp-json\/wp\/v2\/types\/product"}],"wp:featuredmedia":[{"embeddable":true,"href":"https:\/\/www.fundacioncanal.com\/tienda\/wp-json\/wp\/v2\/media\/2745"}],"wp:attachment":[{"href":"https:\/\/www.fundacioncanal.com\/tienda\/wp-json\/wp\/v2\/media?parent=2750"}],"wp:term":[{"taxonomy":"product_brand","embeddable":true,"href":"https:\/\/www.fundacioncanal.com\/tienda\/wp-json\/wp\/v2\/product_brand?post=2750"},{"taxonomy":"product_cat","embeddable":true,"href":"https:\/\/www.fundacioncanal.com\/tienda\/wp-json\/wp\/v2\/product_cat?post=2750"},{"taxonomy":"product_tag","embeddable":true,"href":"https:\/\/www.fundacioncanal.com\/tienda\/wp-json\/wp\/v2\/product_tag?post=2750"}],"curies":[{"name":"wp","href":"https:\/\/api.w.org\/{rel}","templated":true}]}}