{"id":1766,"date":"2020-06-26T08:36:11","date_gmt":"2020-06-26T08:36:11","guid":{"rendered":"http:\/\/www.fundacioncanal.com\/tienda\/?post_type=product&#038;p=1766"},"modified":"2024-07-23T06:31:00","modified_gmt":"2024-07-23T06:31:00","slug":"agua-al-desnudo","status":"publish","type":"product","link":"https:\/\/www.fundacioncanal.com\/tienda\/producto\/agua-al-desnudo\/","title":{"rendered":"Agua al desnudo"},"content":{"rendered":"","protected":false},"excerpt":{"rendered":"<p>La exposici\u00f3n recoge las fotograf\u00edas de doce prestigiosos artistas espa\u00f1oles en torno a dos conceptos tan sugerentes como son el agua y el desnudo. En el cat\u00e1logo se recogen las fotograf\u00edas e incluye, adem\u00e1s, im\u00e1genes de los artistas en sus entornos de trabajo y vida privada.<\/p>\n<p><strong>Madrid, 2004<\/strong>. Edita: Fundaci\u00f3n Canal<\/p>\n","protected":false},"featured_media":1767,"template":"","meta":{"_acf_changed":false,"inline_featured_image":false,"wds_primary_product_brand":0,"wds_primary_product_cat":0,"_links_to":"","_links_to_target":""},"product_brand":[],"product_cat":[62,65],"product_tag":[],"class_list":{"0":"post-1766","1":"product","2":"type-product","3":"status-publish","4":"has-post-thumbnail","6":"product_cat-exposiciones","7":"product_cat-publicaciones","9":"first","10":"instock","11":"taxable","12":"shipping-taxable","13":"purchasable","14":"product-type-simple"},"acf":[],"_links":{"self":[{"href":"https:\/\/www.fundacioncanal.com\/tienda\/wp-json\/wp\/v2\/product\/1766","targetHints":{"allow":["GET"]}}],"collection":[{"href":"https:\/\/www.fundacioncanal.com\/tienda\/wp-json\/wp\/v2\/product"}],"about":[{"href":"https:\/\/www.fundacioncanal.com\/tienda\/wp-json\/wp\/v2\/types\/product"}],"wp:featuredmedia":[{"embeddable":true,"href":"https:\/\/www.fundacioncanal.com\/tienda\/wp-json\/wp\/v2\/media\/1767"}],"wp:attachment":[{"href":"https:\/\/www.fundacioncanal.com\/tienda\/wp-json\/wp\/v2\/media?parent=1766"}],"wp:term":[{"taxonomy":"product_brand","embeddable":true,"href":"https:\/\/www.fundacioncanal.com\/tienda\/wp-json\/wp\/v2\/product_brand?post=1766"},{"taxonomy":"product_cat","embeddable":true,"href":"https:\/\/www.fundacioncanal.com\/tienda\/wp-json\/wp\/v2\/product_cat?post=1766"},{"taxonomy":"product_tag","embeddable":true,"href":"https:\/\/www.fundacioncanal.com\/tienda\/wp-json\/wp\/v2\/product_tag?post=1766"}],"curies":[{"name":"wp","href":"https:\/\/api.w.org\/{rel}","templated":true}]}}