{"id":1764,"date":"2020-06-26T08:24:18","date_gmt":"2020-06-26T08:24:18","guid":{"rendered":"http:\/\/www.fundacioncanal.com\/tienda\/?post_type=product&#038;p=1764"},"modified":"2024-07-23T06:31:07","modified_gmt":"2024-07-23T06:31:07","slug":"vortices","status":"publish","type":"product","link":"https:\/\/www.fundacioncanal.com\/tienda\/producto\/vortices\/","title":{"rendered":"V\u00f3rtices"},"content":{"rendered":"","protected":false},"excerpt":{"rendered":"<p>Cat\u00e1logo realizado con motivo de la exposici\u00f3n, en la que Daniel Canogar hace una profunda reflexi\u00f3n sobre agua y reciclaje. Recoge la explicaci\u00f3n y \u00a0las fotograf\u00edas de las seis instalaciones expuestas as\u00ed como un texto introductorio del comisario George Stolz.<\/p>\n<p><strong>Madrid, 2011<\/strong>. Edita: Fundaci\u00f3n Canal<\/p>\n","protected":false},"featured_media":1765,"template":"","meta":{"_acf_changed":false,"inline_featured_image":false,"wds_primary_product_brand":0,"wds_primary_product_cat":0,"_links_to":"","_links_to_target":""},"product_brand":[],"product_cat":[62,65],"product_tag":[],"class_list":{"0":"post-1764","1":"product","2":"type-product","3":"status-publish","4":"has-post-thumbnail","6":"product_cat-exposiciones","7":"product_cat-publicaciones","9":"first","10":"instock","11":"taxable","12":"shipping-taxable","13":"purchasable","14":"product-type-simple"},"acf":[],"_links":{"self":[{"href":"https:\/\/www.fundacioncanal.com\/tienda\/wp-json\/wp\/v2\/product\/1764","targetHints":{"allow":["GET"]}}],"collection":[{"href":"https:\/\/www.fundacioncanal.com\/tienda\/wp-json\/wp\/v2\/product"}],"about":[{"href":"https:\/\/www.fundacioncanal.com\/tienda\/wp-json\/wp\/v2\/types\/product"}],"wp:featuredmedia":[{"embeddable":true,"href":"https:\/\/www.fundacioncanal.com\/tienda\/wp-json\/wp\/v2\/media\/1765"}],"wp:attachment":[{"href":"https:\/\/www.fundacioncanal.com\/tienda\/wp-json\/wp\/v2\/media?parent=1764"}],"wp:term":[{"taxonomy":"product_brand","embeddable":true,"href":"https:\/\/www.fundacioncanal.com\/tienda\/wp-json\/wp\/v2\/product_brand?post=1764"},{"taxonomy":"product_cat","embeddable":true,"href":"https:\/\/www.fundacioncanal.com\/tienda\/wp-json\/wp\/v2\/product_cat?post=1764"},{"taxonomy":"product_tag","embeddable":true,"href":"https:\/\/www.fundacioncanal.com\/tienda\/wp-json\/wp\/v2\/product_tag?post=1764"}],"curies":[{"name":"wp","href":"https:\/\/api.w.org\/{rel}","templated":true}]}}