{"id":1762,"date":"2020-06-26T08:15:11","date_gmt":"2020-06-26T08:15:11","guid":{"rendered":"http:\/\/www.fundacioncanal.com\/tienda\/?post_type=product&#038;p=1762"},"modified":"2024-07-23T06:31:13","modified_gmt":"2024-07-23T06:31:13","slug":"complices-del-arte-espanol-contemporaneo","status":"publish","type":"product","link":"https:\/\/www.fundacioncanal.com\/tienda\/producto\/complices-del-arte-espanol-contemporaneo\/","title":{"rendered":"C\u00f3mplices del arte espa\u00f1ol contempor\u00e1neo"},"content":{"rendered":"","protected":false},"excerpt":{"rendered":"<p>Cat\u00e1logo de la exposici\u00f3n en la que 23 personalidades destacadas por su contribuci\u00f3n al arte espa\u00f1ol contempor\u00e1neo eligi\u00f3 una obra, imprescindible a su entender para el arte espa\u00f1ol contempor\u00e1neo, y explicaron en un video-reportaje las razones de su elecci\u00f3n. El cat\u00e1logo incluye el DVD con el video-reportaje de Chus Gutierrez.<\/p>\n<p><strong>Madrid 2012.<\/strong><br \/>\nEdita Fundaci\u00f3n Canal<\/p>\n","protected":false},"featured_media":1763,"template":"","meta":{"_acf_changed":false,"inline_featured_image":false,"wds_primary_product_brand":0,"wds_primary_product_cat":0,"_links_to":"","_links_to_target":""},"product_brand":[],"product_cat":[62,65],"product_tag":[],"class_list":{"0":"post-1762","1":"product","2":"type-product","3":"status-publish","4":"has-post-thumbnail","6":"product_cat-exposiciones","7":"product_cat-publicaciones","9":"first","10":"instock","11":"taxable","12":"shipping-taxable","13":"purchasable","14":"product-type-simple"},"acf":[],"_links":{"self":[{"href":"https:\/\/www.fundacioncanal.com\/tienda\/wp-json\/wp\/v2\/product\/1762","targetHints":{"allow":["GET"]}}],"collection":[{"href":"https:\/\/www.fundacioncanal.com\/tienda\/wp-json\/wp\/v2\/product"}],"about":[{"href":"https:\/\/www.fundacioncanal.com\/tienda\/wp-json\/wp\/v2\/types\/product"}],"wp:featuredmedia":[{"embeddable":true,"href":"https:\/\/www.fundacioncanal.com\/tienda\/wp-json\/wp\/v2\/media\/1763"}],"wp:attachment":[{"href":"https:\/\/www.fundacioncanal.com\/tienda\/wp-json\/wp\/v2\/media?parent=1762"}],"wp:term":[{"taxonomy":"product_brand","embeddable":true,"href":"https:\/\/www.fundacioncanal.com\/tienda\/wp-json\/wp\/v2\/product_brand?post=1762"},{"taxonomy":"product_cat","embeddable":true,"href":"https:\/\/www.fundacioncanal.com\/tienda\/wp-json\/wp\/v2\/product_cat?post=1762"},{"taxonomy":"product_tag","embeddable":true,"href":"https:\/\/www.fundacioncanal.com\/tienda\/wp-json\/wp\/v2\/product_tag?post=1762"}],"curies":[{"name":"wp","href":"https:\/\/api.w.org\/{rel}","templated":true}]}}