{"id":1751,"date":"2020-06-26T07:35:28","date_gmt":"2020-06-26T07:35:28","guid":{"rendered":"http:\/\/www.fundacioncanal.com\/tienda\/?post_type=product&#038;p=1751"},"modified":"2024-07-23T06:31:51","modified_gmt":"2024-07-23T06:31:51","slug":"eventos-hidrologicos-extremos-y-cambio-climatico","status":"publish","type":"product","link":"https:\/\/www.fundacioncanal.com\/tienda\/producto\/eventos-hidrologicos-extremos-y-cambio-climatico\/","title":{"rendered":"Eventos hidrol\u00f3gicos extremos y cambio clim\u00e1tico"},"content":{"rendered":"","protected":false},"excerpt":{"rendered":"<p>El estudio de la Fundaci\u00f3n Canal ha sido elaborado por un equipo de investigadores de la Escuela de Ingenieros de Caminos, Canales y Puertos de la Universidad Polit\u00e9cnica de Madrid, y con la participaci\u00f3n de Canal de Isabel II. El estudio presenta una selecci\u00f3n de buenas pr\u00e1cticas de modelizaci\u00f3n de sequ\u00edas e inundaciones, de manera que puedan ser de utilidad en m\u00faltiples \u00e1mbitos, incluyendo la planificaci\u00f3n hidrol\u00f3gica, la gesti\u00f3n de los recursos h\u00eddricos, la investigaci\u00f3n y el desarrollo tecnol\u00f3gico. <\/p>\n","protected":false},"featured_media":1752,"template":"","meta":{"_acf_changed":false,"inline_featured_image":false,"wds_primary_product_brand":0,"wds_primary_product_cat":0,"_links_to":"","_links_to_target":""},"product_brand":[],"product_cat":[66,65],"product_tag":[],"class_list":{"0":"post-1751","1":"product","2":"type-product","3":"status-publish","4":"has-post-thumbnail","6":"product_cat-cientifico-divulgativas","7":"product_cat-publicaciones","9":"first","10":"instock","11":"downloadable","12":"virtual","13":"taxable","14":"purchasable","15":"product-type-simple"},"acf":[],"_links":{"self":[{"href":"https:\/\/www.fundacioncanal.com\/tienda\/wp-json\/wp\/v2\/product\/1751","targetHints":{"allow":["GET"]}}],"collection":[{"href":"https:\/\/www.fundacioncanal.com\/tienda\/wp-json\/wp\/v2\/product"}],"about":[{"href":"https:\/\/www.fundacioncanal.com\/tienda\/wp-json\/wp\/v2\/types\/product"}],"wp:featuredmedia":[{"embeddable":true,"href":"https:\/\/www.fundacioncanal.com\/tienda\/wp-json\/wp\/v2\/media\/1752"}],"wp:attachment":[{"href":"https:\/\/www.fundacioncanal.com\/tienda\/wp-json\/wp\/v2\/media?parent=1751"}],"wp:term":[{"taxonomy":"product_brand","embeddable":true,"href":"https:\/\/www.fundacioncanal.com\/tienda\/wp-json\/wp\/v2\/product_brand?post=1751"},{"taxonomy":"product_cat","embeddable":true,"href":"https:\/\/www.fundacioncanal.com\/tienda\/wp-json\/wp\/v2\/product_cat?post=1751"},{"taxonomy":"product_tag","embeddable":true,"href":"https:\/\/www.fundacioncanal.com\/tienda\/wp-json\/wp\/v2\/product_tag?post=1751"}],"curies":[{"name":"wp","href":"https:\/\/api.w.org\/{rel}","templated":true}]}}