{"id":1744,"date":"2020-06-23T15:13:54","date_gmt":"2020-06-23T15:13:54","guid":{"rendered":"http:\/\/www.fundacioncanal.com\/tienda\/?post_type=product&#038;p=1744"},"modified":"2024-07-23T06:32:16","modified_gmt":"2024-07-23T06:32:16","slug":"adaptacion-al-cambio-climatico","status":"publish","type":"product","link":"https:\/\/www.fundacioncanal.com\/tienda\/producto\/adaptacion-al-cambio-climatico\/","title":{"rendered":"Adaptaci\u00f3n al cambio clim\u00e1tico (Digital)"},"content":{"rendered":"","protected":false},"excerpt":{"rendered":"<p>Edici\u00f3n del estudio de Identificaci\u00f3n de medidas de adaptaci\u00f3n al cambio clim\u00e1tico a partir de los impactos sobre los recursos h\u00eddricos en la C. Madrid<br \/>\nPublicaci\u00f3n que recoge el estudio efectuado entre 2010 y 2011, en el que se re\u00fane y procesa una nueva y amplia informaci\u00f3n sobre las medidas de adaptaci\u00f3n al cambio clim\u00e1tico dirigidas sobre todo a sectores de actividad en los que el agua es un factor determinante.<\/p>\n<p><strong>Madrid<\/strong>\u00a0<strong>2012.<\/strong><br \/>\nEdita Fundaci\u00f3n Canal<\/p>\n","protected":false},"featured_media":1745,"template":"","meta":{"_acf_changed":false,"inline_featured_image":false,"wds_primary_product_brand":0,"wds_primary_product_cat":0,"_links_to":"","_links_to_target":""},"product_brand":[],"product_cat":[66,65],"product_tag":[],"class_list":{"0":"post-1744","1":"product","2":"type-product","3":"status-publish","4":"has-post-thumbnail","6":"product_cat-cientifico-divulgativas","7":"product_cat-publicaciones","9":"first","10":"instock","11":"downloadable","12":"virtual","13":"taxable","14":"purchasable","15":"product-type-simple"},"acf":[],"_links":{"self":[{"href":"https:\/\/www.fundacioncanal.com\/tienda\/wp-json\/wp\/v2\/product\/1744","targetHints":{"allow":["GET"]}}],"collection":[{"href":"https:\/\/www.fundacioncanal.com\/tienda\/wp-json\/wp\/v2\/product"}],"about":[{"href":"https:\/\/www.fundacioncanal.com\/tienda\/wp-json\/wp\/v2\/types\/product"}],"wp:featuredmedia":[{"embeddable":true,"href":"https:\/\/www.fundacioncanal.com\/tienda\/wp-json\/wp\/v2\/media\/1745"}],"wp:attachment":[{"href":"https:\/\/www.fundacioncanal.com\/tienda\/wp-json\/wp\/v2\/media?parent=1744"}],"wp:term":[{"taxonomy":"product_brand","embeddable":true,"href":"https:\/\/www.fundacioncanal.com\/tienda\/wp-json\/wp\/v2\/product_brand?post=1744"},{"taxonomy":"product_cat","embeddable":true,"href":"https:\/\/www.fundacioncanal.com\/tienda\/wp-json\/wp\/v2\/product_cat?post=1744"},{"taxonomy":"product_tag","embeddable":true,"href":"https:\/\/www.fundacioncanal.com\/tienda\/wp-json\/wp\/v2\/product_tag?post=1744"}],"curies":[{"name":"wp","href":"https:\/\/api.w.org\/{rel}","templated":true}]}}