{"id":1735,"date":"2020-06-23T15:00:10","date_gmt":"2020-06-23T15:00:10","guid":{"rendered":"http:\/\/www.fundacioncanal.com\/tienda\/?post_type=product&#038;p=1735"},"modified":"2024-07-23T06:32:28","modified_gmt":"2024-07-23T06:32:28","slug":"agua-sin-ti-no-soy","status":"publish","type":"product","link":"https:\/\/www.fundacioncanal.com\/tienda\/producto\/agua-sin-ti-no-soy\/","title":{"rendered":"Agua, sin ti no soy"},"content":{"rendered":"","protected":false},"excerpt":{"rendered":"<p>El agua, en forma de gotas de arte, m\u00fasica, innovaci\u00f3n, cooperaci\u00f3n, educaci\u00f3n o medio ambiente, es el hilo conductor de la Fundaci\u00f3n Canal. Por esto, y con motivo de nuestro 18 aniversario que ha tenido lugar en el a\u00f1o que acaba de finalizar, queremos hacerte un regalo muy especial:\u00a0<strong>\u201cAgua, sin ti no soy\u201d<\/strong>, una publicaci\u00f3n que recopila escritos y fotograf\u00edas relacionados con el agua, sus caracter\u00edsticas y virtudes.<\/p>\n<p><em>Dise\u00f1o photoAlquimia 2019<\/em><\/p>\n","protected":false},"featured_media":1736,"template":"","meta":{"_acf_changed":false,"inline_featured_image":false,"wds_primary_product_brand":0,"wds_primary_product_cat":0,"_links_to":"","_links_to_target":""},"product_brand":[],"product_cat":[67,65],"product_tag":[],"class_list":{"0":"post-1735","1":"product","2":"type-product","3":"status-publish","4":"has-post-thumbnail","6":"product_cat-otras-publicaciones","7":"product_cat-publicaciones","9":"first","10":"instock","11":"downloadable","12":"virtual","13":"taxable","14":"purchasable","15":"product-type-simple"},"acf":[],"_links":{"self":[{"href":"https:\/\/www.fundacioncanal.com\/tienda\/wp-json\/wp\/v2\/product\/1735","targetHints":{"allow":["GET"]}}],"collection":[{"href":"https:\/\/www.fundacioncanal.com\/tienda\/wp-json\/wp\/v2\/product"}],"about":[{"href":"https:\/\/www.fundacioncanal.com\/tienda\/wp-json\/wp\/v2\/types\/product"}],"wp:featuredmedia":[{"embeddable":true,"href":"https:\/\/www.fundacioncanal.com\/tienda\/wp-json\/wp\/v2\/media\/1736"}],"wp:attachment":[{"href":"https:\/\/www.fundacioncanal.com\/tienda\/wp-json\/wp\/v2\/media?parent=1735"}],"wp:term":[{"taxonomy":"product_brand","embeddable":true,"href":"https:\/\/www.fundacioncanal.com\/tienda\/wp-json\/wp\/v2\/product_brand?post=1735"},{"taxonomy":"product_cat","embeddable":true,"href":"https:\/\/www.fundacioncanal.com\/tienda\/wp-json\/wp\/v2\/product_cat?post=1735"},{"taxonomy":"product_tag","embeddable":true,"href":"https:\/\/www.fundacioncanal.com\/tienda\/wp-json\/wp\/v2\/product_tag?post=1735"}],"curies":[{"name":"wp","href":"https:\/\/api.w.org\/{rel}","templated":true}]}}