{"id":1728,"date":"2020-06-23T14:40:23","date_gmt":"2020-06-23T14:40:23","guid":{"rendered":"http:\/\/www.fundacioncanal.com\/tienda\/?post_type=product&#038;p=1728"},"modified":"2024-07-23T06:32:42","modified_gmt":"2024-07-23T06:32:42","slug":"foro-agua-para-el-desarrollo-2006-encuentro-para-el-intercambio-de-experiencias-de-proyectos-de-cooperacion","status":"publish","type":"product","link":"https:\/\/www.fundacioncanal.com\/tienda\/producto\/foro-agua-para-el-desarrollo-2006-encuentro-para-el-intercambio-de-experiencias-de-proyectos-de-cooperacion\/","title":{"rendered":"Foro agua para el desarrollo 2006. Encuentro para el intercambio de experiencias de proyectos de cooperaci\u00f3n"},"content":{"rendered":"","protected":false},"excerpt":{"rendered":"<p>Analiza, a trav\u00e9s de casos concretos, los proyectos y programas de cooperaci\u00f3n internacional en agua, cuando est\u00e1n involucradas organizaciones no gubernamentales.<\/p>\n<p><strong>Madrid, 2007.\u00a0<\/strong>Edita: Fundaci\u00f3n canal<\/p>\n","protected":false},"featured_media":1730,"template":"","meta":{"_acf_changed":false,"inline_featured_image":false,"wds_primary_product_brand":0,"wds_primary_product_cat":0,"_links_to":"","_links_to_target":""},"product_brand":[],"product_cat":[66,65],"product_tag":[],"class_list":{"0":"post-1728","1":"product","2":"type-product","3":"status-publish","4":"has-post-thumbnail","6":"product_cat-cientifico-divulgativas","7":"product_cat-publicaciones","9":"first","10":"instock","11":"downloadable","12":"virtual","13":"taxable","14":"purchasable","15":"product-type-simple"},"acf":[],"_links":{"self":[{"href":"https:\/\/www.fundacioncanal.com\/tienda\/wp-json\/wp\/v2\/product\/1728","targetHints":{"allow":["GET"]}}],"collection":[{"href":"https:\/\/www.fundacioncanal.com\/tienda\/wp-json\/wp\/v2\/product"}],"about":[{"href":"https:\/\/www.fundacioncanal.com\/tienda\/wp-json\/wp\/v2\/types\/product"}],"wp:featuredmedia":[{"embeddable":true,"href":"https:\/\/www.fundacioncanal.com\/tienda\/wp-json\/wp\/v2\/media\/1730"}],"wp:attachment":[{"href":"https:\/\/www.fundacioncanal.com\/tienda\/wp-json\/wp\/v2\/media?parent=1728"}],"wp:term":[{"taxonomy":"product_brand","embeddable":true,"href":"https:\/\/www.fundacioncanal.com\/tienda\/wp-json\/wp\/v2\/product_brand?post=1728"},{"taxonomy":"product_cat","embeddable":true,"href":"https:\/\/www.fundacioncanal.com\/tienda\/wp-json\/wp\/v2\/product_cat?post=1728"},{"taxonomy":"product_tag","embeddable":true,"href":"https:\/\/www.fundacioncanal.com\/tienda\/wp-json\/wp\/v2\/product_tag?post=1728"}],"curies":[{"name":"wp","href":"https:\/\/api.w.org\/{rel}","templated":true}]}}