{"id":1719,"date":"2020-06-23T14:20:30","date_gmt":"2020-06-23T14:20:30","guid":{"rendered":"http:\/\/www.fundacioncanal.com\/tienda\/?post_type=product&#038;p=1719"},"modified":"2024-07-23T06:33:03","modified_gmt":"2024-07-23T06:33:03","slug":"foro-agua-para-el-desarrollo-2012-el-cambio-climatico-y-los-recursos-hidricos","status":"publish","type":"product","link":"https:\/\/www.fundacioncanal.com\/tienda\/producto\/foro-agua-para-el-desarrollo-2012-el-cambio-climatico-y-los-recursos-hidricos\/","title":{"rendered":"Foro agua para el desarrollo 2012. El cambio clim\u00e1tico y los recursos h\u00eddricos"},"content":{"rendered":"","protected":false},"excerpt":{"rendered":"<p>Publicaci\u00f3n que recoge las conclusiones del VII Foro, Agua para el Desarrollo, cuyo tema en 2012 fue \u201cEl cambio clim\u00e1tico y los recursos h\u00eddricos\u201d.<\/p>\n<p><strong>Madrid, 2013.\u00a0<\/strong>Edita: Fundaci\u00f3n canal<\/p>\n","protected":false},"featured_media":1721,"template":"","meta":{"_acf_changed":false,"inline_featured_image":false,"wds_primary_product_brand":0,"wds_primary_product_cat":0,"_links_to":"","_links_to_target":""},"product_brand":[],"product_cat":[66,65],"product_tag":[],"class_list":{"0":"post-1719","1":"product","2":"type-product","3":"status-publish","4":"has-post-thumbnail","6":"product_cat-cientifico-divulgativas","7":"product_cat-publicaciones","9":"first","10":"instock","11":"downloadable","12":"virtual","13":"taxable","14":"purchasable","15":"product-type-simple"},"acf":[],"_links":{"self":[{"href":"https:\/\/www.fundacioncanal.com\/tienda\/wp-json\/wp\/v2\/product\/1719","targetHints":{"allow":["GET"]}}],"collection":[{"href":"https:\/\/www.fundacioncanal.com\/tienda\/wp-json\/wp\/v2\/product"}],"about":[{"href":"https:\/\/www.fundacioncanal.com\/tienda\/wp-json\/wp\/v2\/types\/product"}],"wp:featuredmedia":[{"embeddable":true,"href":"https:\/\/www.fundacioncanal.com\/tienda\/wp-json\/wp\/v2\/media\/1721"}],"wp:attachment":[{"href":"https:\/\/www.fundacioncanal.com\/tienda\/wp-json\/wp\/v2\/media?parent=1719"}],"wp:term":[{"taxonomy":"product_brand","embeddable":true,"href":"https:\/\/www.fundacioncanal.com\/tienda\/wp-json\/wp\/v2\/product_brand?post=1719"},{"taxonomy":"product_cat","embeddable":true,"href":"https:\/\/www.fundacioncanal.com\/tienda\/wp-json\/wp\/v2\/product_cat?post=1719"},{"taxonomy":"product_tag","embeddable":true,"href":"https:\/\/www.fundacioncanal.com\/tienda\/wp-json\/wp\/v2\/product_tag?post=1719"}],"curies":[{"name":"wp","href":"https:\/\/api.w.org\/{rel}","templated":true}]}}