{"id":1709,"date":"2020-06-23T12:23:59","date_gmt":"2020-06-23T12:23:59","guid":{"rendered":"http:\/\/www.fundacioncanal.com\/tienda\/?post_type=product&#038;p=1709"},"modified":"2024-07-23T06:33:43","modified_gmt":"2024-07-23T06:33:43","slug":"picasso-el-eterno-femenino","status":"publish","type":"product","link":"https:\/\/www.fundacioncanal.com\/tienda\/producto\/picasso-el-eterno-femenino\/","title":{"rendered":"Picasso. El eterno femenino"},"content":{"rendered":"","protected":false},"excerpt":{"rendered":"<p>La figura de la mujer es el objeto de esta exposici\u00f3n en la que el artista se enfrenta a la imagen femenina desde el punto de vista de la admiraci\u00f3n y la interrogaci\u00f3n. La publicaci\u00f3n recoge los 66 grabados que forman parte de la exposici\u00f3n acompa\u00f1ados por una descripci\u00f3n t\u00e9cnica de cada uno de ellos.<\/p>\n<p><strong>Madrid 2012.<\/strong><br \/>\nEdita Fundaci\u00f3n Canal<\/p>\n","protected":false},"featured_media":1710,"template":"","meta":{"_acf_changed":false,"inline_featured_image":false,"wds_primary_product_brand":0,"wds_primary_product_cat":0,"_links_to":"","_links_to_target":""},"product_brand":[],"product_cat":[62,65],"product_tag":[],"class_list":{"0":"post-1709","1":"product","2":"type-product","3":"status-publish","4":"has-post-thumbnail","6":"product_cat-exposiciones","7":"product_cat-publicaciones","9":"first","10":"instock","11":"taxable","12":"shipping-taxable","13":"purchasable","14":"product-type-simple"},"acf":[],"_links":{"self":[{"href":"https:\/\/www.fundacioncanal.com\/tienda\/wp-json\/wp\/v2\/product\/1709","targetHints":{"allow":["GET"]}}],"collection":[{"href":"https:\/\/www.fundacioncanal.com\/tienda\/wp-json\/wp\/v2\/product"}],"about":[{"href":"https:\/\/www.fundacioncanal.com\/tienda\/wp-json\/wp\/v2\/types\/product"}],"wp:featuredmedia":[{"embeddable":true,"href":"https:\/\/www.fundacioncanal.com\/tienda\/wp-json\/wp\/v2\/media\/1710"}],"wp:attachment":[{"href":"https:\/\/www.fundacioncanal.com\/tienda\/wp-json\/wp\/v2\/media?parent=1709"}],"wp:term":[{"taxonomy":"product_brand","embeddable":true,"href":"https:\/\/www.fundacioncanal.com\/tienda\/wp-json\/wp\/v2\/product_brand?post=1709"},{"taxonomy":"product_cat","embeddable":true,"href":"https:\/\/www.fundacioncanal.com\/tienda\/wp-json\/wp\/v2\/product_cat?post=1709"},{"taxonomy":"product_tag","embeddable":true,"href":"https:\/\/www.fundacioncanal.com\/tienda\/wp-json\/wp\/v2\/product_tag?post=1709"}],"curies":[{"name":"wp","href":"https:\/\/api.w.org\/{rel}","templated":true}]}}