{"id":1704,"date":"2020-06-23T12:03:02","date_gmt":"2020-06-23T12:03:02","guid":{"rendered":"http:\/\/www.fundacioncanal.com\/tienda\/?post_type=product&#038;p=1704"},"modified":"2024-07-23T06:33:55","modified_gmt":"2024-07-23T06:33:55","slug":"el-rio-vertical-madrid-antes-y-despues-del-canal-de-isabel-ii","status":"publish","type":"product","link":"https:\/\/www.fundacioncanal.com\/tienda\/producto\/el-rio-vertical-madrid-antes-y-despues-del-canal-de-isabel-ii\/","title":{"rendered":"El r\u00edo vertical. Madrid antes y despu\u00e9s del canal de Isabel II"},"content":{"rendered":"","protected":false},"excerpt":{"rendered":"<p>Publicaci\u00f3n divulgativa que incluye im\u00e1genes de las 15 escenas en plastilina realizadas para la exposici\u00f3n, adem\u00e1s de textos explicativos de las mismas que muestran los enormes beneficios que la creaci\u00f3n del Canal de Isabel II ha supuesto para la regi\u00f3n de Madrid y el impulso que dio a su modernizaci\u00f3n.<\/p>\n<p><b>Madrid, 2015.\u00a0<\/b>Edita Fundaci\u00f3n Canal<\/p>\n","protected":false},"featured_media":1706,"template":"","meta":{"_acf_changed":false,"inline_featured_image":false,"wds_primary_product_brand":0,"wds_primary_product_cat":0,"_links_to":"","_links_to_target":""},"product_brand":[],"product_cat":[62,65],"product_tag":[],"class_list":{"0":"post-1704","1":"product","2":"type-product","3":"status-publish","4":"has-post-thumbnail","6":"product_cat-exposiciones","7":"product_cat-publicaciones","9":"first","10":"instock","11":"downloadable","12":"virtual","13":"taxable","14":"purchasable","15":"product-type-simple"},"acf":[],"_links":{"self":[{"href":"https:\/\/www.fundacioncanal.com\/tienda\/wp-json\/wp\/v2\/product\/1704","targetHints":{"allow":["GET"]}}],"collection":[{"href":"https:\/\/www.fundacioncanal.com\/tienda\/wp-json\/wp\/v2\/product"}],"about":[{"href":"https:\/\/www.fundacioncanal.com\/tienda\/wp-json\/wp\/v2\/types\/product"}],"wp:featuredmedia":[{"embeddable":true,"href":"https:\/\/www.fundacioncanal.com\/tienda\/wp-json\/wp\/v2\/media\/1706"}],"wp:attachment":[{"href":"https:\/\/www.fundacioncanal.com\/tienda\/wp-json\/wp\/v2\/media?parent=1704"}],"wp:term":[{"taxonomy":"product_brand","embeddable":true,"href":"https:\/\/www.fundacioncanal.com\/tienda\/wp-json\/wp\/v2\/product_brand?post=1704"},{"taxonomy":"product_cat","embeddable":true,"href":"https:\/\/www.fundacioncanal.com\/tienda\/wp-json\/wp\/v2\/product_cat?post=1704"},{"taxonomy":"product_tag","embeddable":true,"href":"https:\/\/www.fundacioncanal.com\/tienda\/wp-json\/wp\/v2\/product_tag?post=1704"}],"curies":[{"name":"wp","href":"https:\/\/api.w.org\/{rel}","templated":true}]}}