{"id":1675,"date":"2020-06-23T09:40:13","date_gmt":"2020-06-23T09:40:13","guid":{"rendered":"http:\/\/www.fundacioncanal.com\/tienda\/?post_type=product&#038;p=1675"},"modified":"2024-07-23T06:34:57","modified_gmt":"2024-07-23T06:34:57","slug":"el-cuentagotas-iv-premio-de-narrativa-infantil","status":"publish","type":"product","link":"https:\/\/www.fundacioncanal.com\/tienda\/producto\/el-cuentagotas-iv-premio-de-narrativa-infantil\/","title":{"rendered":"El Cuentagotas. IV Premio de narrativa infantil"},"content":{"rendered":"","protected":false},"excerpt":{"rendered":"<p>A trav\u00e9s de esta divertida publicaci\u00f3n la Fundaci\u00f3n Canal pretende fomentar el respeto al medioambiente entre ni\u00f1os de 8 a 12 a\u00f1os, adem\u00e1s de acercarles la cultura del agua. El libro incluye cinco cuentos, los relatos ganadores de la IV edici\u00f3n del Premio de Narrativa Infantil, cuyas historias tienen como protagonista al agua dulce.<\/p>\n<p><strong>Madrid, 2014.<\/strong>\u00a0Edita Fundaci\u00f3n Canal<\/p>\n","protected":false},"featured_media":1676,"template":"","meta":{"_acf_changed":false,"inline_featured_image":false,"wds_primary_product_brand":0,"wds_primary_product_cat":0,"_links_to":"","_links_to_target":""},"product_brand":[],"product_cat":[67,65],"product_tag":[],"class_list":{"0":"post-1675","1":"product","2":"type-product","3":"status-publish","4":"has-post-thumbnail","6":"product_cat-otras-publicaciones","7":"product_cat-publicaciones","9":"first","10":"instock","11":"downloadable","12":"virtual","13":"taxable","14":"purchasable","15":"product-type-simple"},"acf":[],"_links":{"self":[{"href":"https:\/\/www.fundacioncanal.com\/tienda\/wp-json\/wp\/v2\/product\/1675","targetHints":{"allow":["GET"]}}],"collection":[{"href":"https:\/\/www.fundacioncanal.com\/tienda\/wp-json\/wp\/v2\/product"}],"about":[{"href":"https:\/\/www.fundacioncanal.com\/tienda\/wp-json\/wp\/v2\/types\/product"}],"wp:featuredmedia":[{"embeddable":true,"href":"https:\/\/www.fundacioncanal.com\/tienda\/wp-json\/wp\/v2\/media\/1676"}],"wp:attachment":[{"href":"https:\/\/www.fundacioncanal.com\/tienda\/wp-json\/wp\/v2\/media?parent=1675"}],"wp:term":[{"taxonomy":"product_brand","embeddable":true,"href":"https:\/\/www.fundacioncanal.com\/tienda\/wp-json\/wp\/v2\/product_brand?post=1675"},{"taxonomy":"product_cat","embeddable":true,"href":"https:\/\/www.fundacioncanal.com\/tienda\/wp-json\/wp\/v2\/product_cat?post=1675"},{"taxonomy":"product_tag","embeddable":true,"href":"https:\/\/www.fundacioncanal.com\/tienda\/wp-json\/wp\/v2\/product_tag?post=1675"}],"curies":[{"name":"wp","href":"https:\/\/api.w.org\/{rel}","templated":true}]}}