{"id":1633,"date":"2020-06-22T11:26:17","date_gmt":"2020-06-22T11:26:17","guid":{"rendered":"http:\/\/www.fundacioncanal.com\/tienda\/?post_type=product&#038;p=1633"},"modified":"2020-07-07T10:57:19","modified_gmt":"2020-07-07T10:57:19","slug":"el-guadarrama-sinfonia-inacabada","status":"publish","type":"product","link":"https:\/\/www.fundacioncanal.com\/tienda\/producto\/el-guadarrama-sinfonia-inacabada\/","title":{"rendered":"El Guadarrama. Sinfon\u00eda inacabada"},"content":{"rendered":"","protected":false},"excerpt":{"rendered":"<p>Recorrido hist\u00f3rico, cient\u00edfico y fotogr\u00e1fico por la sierra del Guadarrama, con textos y fotograf\u00edas de varios autores.<\/p>\n<p><strong>Madrid, 2002<\/strong>. Edita: Fundaci\u00f3n Canal<\/p>\n<p>Colaboran: Consejer\u00eda de Medio Ambiente de la Comunidad de Madrid, y<strong>\u00a0<\/strong>FIDA<\/p>\n","protected":false},"featured_media":1634,"template":"","meta":{"_acf_changed":false,"inline_featured_image":false,"wds_primary_product_brand":0,"wds_primary_product_cat":0,"_links_to":"","_links_to_target":""},"product_brand":[],"product_cat":[62],"product_tag":[],"class_list":{"0":"post-1633","1":"product","2":"type-product","3":"status-publish","4":"has-post-thumbnail","6":"product_cat-exposiciones","8":"first","9":"instock","10":"taxable","11":"shipping-taxable","12":"purchasable","13":"product-type-simple"},"acf":[],"_links":{"self":[{"href":"https:\/\/www.fundacioncanal.com\/tienda\/wp-json\/wp\/v2\/product\/1633","targetHints":{"allow":["GET"]}}],"collection":[{"href":"https:\/\/www.fundacioncanal.com\/tienda\/wp-json\/wp\/v2\/product"}],"about":[{"href":"https:\/\/www.fundacioncanal.com\/tienda\/wp-json\/wp\/v2\/types\/product"}],"wp:featuredmedia":[{"embeddable":true,"href":"https:\/\/www.fundacioncanal.com\/tienda\/wp-json\/wp\/v2\/media\/1634"}],"wp:attachment":[{"href":"https:\/\/www.fundacioncanal.com\/tienda\/wp-json\/wp\/v2\/media?parent=1633"}],"wp:term":[{"taxonomy":"product_brand","embeddable":true,"href":"https:\/\/www.fundacioncanal.com\/tienda\/wp-json\/wp\/v2\/product_brand?post=1633"},{"taxonomy":"product_cat","embeddable":true,"href":"https:\/\/www.fundacioncanal.com\/tienda\/wp-json\/wp\/v2\/product_cat?post=1633"},{"taxonomy":"product_tag","embeddable":true,"href":"https:\/\/www.fundacioncanal.com\/tienda\/wp-json\/wp\/v2\/product_tag?post=1633"}],"curies":[{"name":"wp","href":"https:\/\/api.w.org\/{rel}","templated":true}]}}