{"id":1613,"date":"2020-06-22T07:30:15","date_gmt":"2020-06-22T07:30:15","guid":{"rendered":"http:\/\/www.fundacioncanal.com\/tienda\/?post_type=product&#038;p=1613"},"modified":"2024-07-23T06:36:18","modified_gmt":"2024-07-23T06:36:18","slug":"foro-agua-para-el-desarrollo-2009-el-derecho-humano-al-agua-conclusiones","status":"publish","type":"product","link":"https:\/\/www.fundacioncanal.com\/tienda\/producto\/foro-agua-para-el-desarrollo-2009-el-derecho-humano-al-agua-conclusiones\/","title":{"rendered":"Foro agua para el desarrollo 2009. El derecho humano al agua. Conclusiones"},"content":{"rendered":"","protected":false},"excerpt":{"rendered":"<p>Analiza el estado de reconocimiento del derecho humano al agua a partir de las resoluciones de Naciones Unidas, as\u00ed como los problemas que suscita su implementaci\u00f3n a trav\u00e9s de la consideraci\u00f3n de dos casos representativos como son los de Sud\u00e1frica y Brasil.<\/p>\n<p><strong>Madrid, 2010.\u00a0<\/strong>Edita: Fundaci\u00f3n Canal<\/p>\n","protected":false},"featured_media":1614,"template":"","meta":{"_acf_changed":false,"inline_featured_image":false,"wds_primary_product_brand":0,"wds_primary_product_cat":0,"_links_to":"","_links_to_target":""},"product_brand":[],"product_cat":[66,65],"product_tag":[],"class_list":{"0":"post-1613","1":"product","2":"type-product","3":"status-publish","4":"has-post-thumbnail","6":"product_cat-cientifico-divulgativas","7":"product_cat-publicaciones","9":"first","10":"instock","11":"downloadable","12":"virtual","13":"taxable","14":"purchasable","15":"product-type-simple"},"acf":[],"_links":{"self":[{"href":"https:\/\/www.fundacioncanal.com\/tienda\/wp-json\/wp\/v2\/product\/1613","targetHints":{"allow":["GET"]}}],"collection":[{"href":"https:\/\/www.fundacioncanal.com\/tienda\/wp-json\/wp\/v2\/product"}],"about":[{"href":"https:\/\/www.fundacioncanal.com\/tienda\/wp-json\/wp\/v2\/types\/product"}],"wp:featuredmedia":[{"embeddable":true,"href":"https:\/\/www.fundacioncanal.com\/tienda\/wp-json\/wp\/v2\/media\/1614"}],"wp:attachment":[{"href":"https:\/\/www.fundacioncanal.com\/tienda\/wp-json\/wp\/v2\/media?parent=1613"}],"wp:term":[{"taxonomy":"product_brand","embeddable":true,"href":"https:\/\/www.fundacioncanal.com\/tienda\/wp-json\/wp\/v2\/product_brand?post=1613"},{"taxonomy":"product_cat","embeddable":true,"href":"https:\/\/www.fundacioncanal.com\/tienda\/wp-json\/wp\/v2\/product_cat?post=1613"},{"taxonomy":"product_tag","embeddable":true,"href":"https:\/\/www.fundacioncanal.com\/tienda\/wp-json\/wp\/v2\/product_tag?post=1613"}],"curies":[{"name":"wp","href":"https:\/\/api.w.org\/{rel}","templated":true}]}}