{"id":1609,"date":"2020-06-22T07:16:24","date_gmt":"2020-06-22T07:16:24","guid":{"rendered":"http:\/\/www.fundacioncanal.com\/tienda\/?post_type=product&#038;p=1609"},"modified":"2024-07-23T06:36:07","modified_gmt":"2024-07-23T06:36:07","slug":"foro-agua-para-el-desarrollo-2011-los-objetivos-de-desarrollo-del-milenio-y-el-agua-diez-anos-despues","status":"publish","type":"product","link":"https:\/\/www.fundacioncanal.com\/tienda\/producto\/foro-agua-para-el-desarrollo-2011-los-objetivos-de-desarrollo-del-milenio-y-el-agua-diez-anos-despues\/","title":{"rendered":"Foro agua para el desarrollo 2011. Los objetivos de desarrollo del milenio y el agua, diez a\u00f1os despu\u00e9s"},"content":{"rendered":"","protected":false},"excerpt":{"rendered":"<p>Publicaci\u00f3n que recoge las conclusiones del VI Foro, Agua para el Desarrollo, cuyo tema en 2011 fue \u201cLos objetivos del milenio y el agua: 10 a\u00f1os despu\u00e9s\u201d.<\/p>\n<p><strong>Madrid 2012.<\/strong><br \/>\nEdita Fundaci\u00f3n Canal<\/p>\n","protected":false},"featured_media":1610,"template":"","meta":{"_acf_changed":false,"inline_featured_image":false,"wds_primary_product_brand":0,"wds_primary_product_cat":0,"_links_to":"","_links_to_target":""},"product_brand":[],"product_cat":[66,65],"product_tag":[],"class_list":{"0":"post-1609","1":"product","2":"type-product","3":"status-publish","4":"has-post-thumbnail","6":"product_cat-cientifico-divulgativas","7":"product_cat-publicaciones","9":"first","10":"instock","11":"downloadable","12":"virtual","13":"taxable","14":"purchasable","15":"product-type-simple"},"acf":[],"_links":{"self":[{"href":"https:\/\/www.fundacioncanal.com\/tienda\/wp-json\/wp\/v2\/product\/1609","targetHints":{"allow":["GET"]}}],"collection":[{"href":"https:\/\/www.fundacioncanal.com\/tienda\/wp-json\/wp\/v2\/product"}],"about":[{"href":"https:\/\/www.fundacioncanal.com\/tienda\/wp-json\/wp\/v2\/types\/product"}],"wp:featuredmedia":[{"embeddable":true,"href":"https:\/\/www.fundacioncanal.com\/tienda\/wp-json\/wp\/v2\/media\/1610"}],"wp:attachment":[{"href":"https:\/\/www.fundacioncanal.com\/tienda\/wp-json\/wp\/v2\/media?parent=1609"}],"wp:term":[{"taxonomy":"product_brand","embeddable":true,"href":"https:\/\/www.fundacioncanal.com\/tienda\/wp-json\/wp\/v2\/product_brand?post=1609"},{"taxonomy":"product_cat","embeddable":true,"href":"https:\/\/www.fundacioncanal.com\/tienda\/wp-json\/wp\/v2\/product_cat?post=1609"},{"taxonomy":"product_tag","embeddable":true,"href":"https:\/\/www.fundacioncanal.com\/tienda\/wp-json\/wp\/v2\/product_tag?post=1609"}],"curies":[{"name":"wp","href":"https:\/\/api.w.org\/{rel}","templated":true}]}}