{"id":1592,"date":"2020-06-19T12:04:28","date_gmt":"2020-06-19T12:04:28","guid":{"rendered":"http:\/\/www.fundacioncanal.com\/tienda\/?post_type=product&#038;p=1592"},"modified":"2024-07-23T06:37:43","modified_gmt":"2024-07-23T06:37:43","slug":"dali-ilustrador-suenos-en-papel","status":"publish","type":"product","link":"https:\/\/www.fundacioncanal.com\/tienda\/producto\/dali-ilustrador-suenos-en-papel\/","title":{"rendered":"Dal\u00ed Ilustrador. Sue\u00f1os en Papel"},"content":{"rendered":"","protected":false},"excerpt":{"rendered":"<p>La exposici\u00f3n recoge 3 de las series de los famosos \u00abCiclos literarios\u00bb de Dal\u00ed: Pantagruel, Los caprichos de Goya de Dal\u00ed y las F\u00e1bulas de La Fontaine. El cat\u00e1logo contiene, adem\u00e1s, una interesante reflexi\u00f3n del Prof. Jes\u00fas Mar\u00eda Gonz\u00e1lez de Z\u00e1rate, Catedr\u00e1tico de Historia del arte de la Universidad del Pa\u00eds Vasco, sobre las fuentes de las que bebi\u00f3 Dal\u00ed para llevar a cabo estas series.<\/p>\n<p><strong>Madrid, 2010.<\/strong>\u00a0Edita: Fundaci\u00f3n Canal<\/p>\n","protected":false},"featured_media":1593,"template":"","meta":{"_acf_changed":false,"inline_featured_image":false,"wds_primary_product_brand":0,"wds_primary_product_cat":0,"_links_to":"","_links_to_target":""},"product_brand":[],"product_cat":[62,65],"product_tag":[],"class_list":{"0":"post-1592","1":"product","2":"type-product","3":"status-publish","4":"has-post-thumbnail","6":"product_cat-exposiciones","7":"product_cat-publicaciones","9":"first","10":"instock","11":"taxable","12":"shipping-taxable","13":"purchasable","14":"product-type-simple"},"acf":[],"_links":{"self":[{"href":"https:\/\/www.fundacioncanal.com\/tienda\/wp-json\/wp\/v2\/product\/1592","targetHints":{"allow":["GET"]}}],"collection":[{"href":"https:\/\/www.fundacioncanal.com\/tienda\/wp-json\/wp\/v2\/product"}],"about":[{"href":"https:\/\/www.fundacioncanal.com\/tienda\/wp-json\/wp\/v2\/types\/product"}],"wp:featuredmedia":[{"embeddable":true,"href":"https:\/\/www.fundacioncanal.com\/tienda\/wp-json\/wp\/v2\/media\/1593"}],"wp:attachment":[{"href":"https:\/\/www.fundacioncanal.com\/tienda\/wp-json\/wp\/v2\/media?parent=1592"}],"wp:term":[{"taxonomy":"product_brand","embeddable":true,"href":"https:\/\/www.fundacioncanal.com\/tienda\/wp-json\/wp\/v2\/product_brand?post=1592"},{"taxonomy":"product_cat","embeddable":true,"href":"https:\/\/www.fundacioncanal.com\/tienda\/wp-json\/wp\/v2\/product_cat?post=1592"},{"taxonomy":"product_tag","embeddable":true,"href":"https:\/\/www.fundacioncanal.com\/tienda\/wp-json\/wp\/v2\/product_tag?post=1592"}],"curies":[{"name":"wp","href":"https:\/\/api.w.org\/{rel}","templated":true}]}}