{"id":1590,"date":"2020-06-19T11:36:38","date_gmt":"2020-06-19T11:36:38","guid":{"rendered":"http:\/\/www.fundacioncanal.com\/tienda\/?post_type=product&#038;p=1590"},"modified":"2024-07-23T06:37:53","modified_gmt":"2024-07-23T06:37:53","slug":"mitografias-mitos-en-la-intimidad","status":"publish","type":"product","link":"https:\/\/www.fundacioncanal.com\/tienda\/producto\/mitografias-mitos-en-la-intimidad\/","title":{"rendered":"Mitograf\u00edas. Mitos en la intimidad."},"content":{"rendered":"","protected":false},"excerpt":{"rendered":"<p>La publicaci\u00f3n recoge las fotograf\u00edas que forman parte de la exposici\u00f3n y que reflejan la faceta m\u00e1s personal de Pablo Ruiz Picasso, Salvador Dal\u00ed, Winston Churchill, Mahatma Gandhi, Albert Einstein, Marie Curie, Camilo Jos\u00e9 Cela, Ernest Hemingway, Mar\u00eda Callas y Charles Chaplin.<\/p>\n<p>Madrid 2012.<br \/>\nEdita Fundaci\u00f3n canal<\/p>\n","protected":false},"featured_media":1591,"template":"","meta":{"_acf_changed":false,"inline_featured_image":false,"wds_primary_product_brand":0,"wds_primary_product_cat":0,"_links_to":"","_links_to_target":""},"product_brand":[],"product_cat":[62,65],"product_tag":[],"class_list":{"0":"post-1590","1":"product","2":"type-product","3":"status-publish","4":"has-post-thumbnail","6":"product_cat-exposiciones","7":"product_cat-publicaciones","9":"first","10":"instock","11":"taxable","12":"shipping-taxable","13":"purchasable","14":"product-type-simple"},"acf":[],"_links":{"self":[{"href":"https:\/\/www.fundacioncanal.com\/tienda\/wp-json\/wp\/v2\/product\/1590","targetHints":{"allow":["GET"]}}],"collection":[{"href":"https:\/\/www.fundacioncanal.com\/tienda\/wp-json\/wp\/v2\/product"}],"about":[{"href":"https:\/\/www.fundacioncanal.com\/tienda\/wp-json\/wp\/v2\/types\/product"}],"wp:featuredmedia":[{"embeddable":true,"href":"https:\/\/www.fundacioncanal.com\/tienda\/wp-json\/wp\/v2\/media\/1591"}],"wp:attachment":[{"href":"https:\/\/www.fundacioncanal.com\/tienda\/wp-json\/wp\/v2\/media?parent=1590"}],"wp:term":[{"taxonomy":"product_brand","embeddable":true,"href":"https:\/\/www.fundacioncanal.com\/tienda\/wp-json\/wp\/v2\/product_brand?post=1590"},{"taxonomy":"product_cat","embeddable":true,"href":"https:\/\/www.fundacioncanal.com\/tienda\/wp-json\/wp\/v2\/product_cat?post=1590"},{"taxonomy":"product_tag","embeddable":true,"href":"https:\/\/www.fundacioncanal.com\/tienda\/wp-json\/wp\/v2\/product_tag?post=1590"}],"curies":[{"name":"wp","href":"https:\/\/api.w.org\/{rel}","templated":true}]}}