{"id":1586,"date":"2020-06-19T11:31:04","date_gmt":"2020-06-19T11:31:04","guid":{"rendered":"http:\/\/www.fundacioncanal.com\/tienda\/?post_type=product&#038;p=1586"},"modified":"2024-07-23T06:38:00","modified_gmt":"2024-07-23T06:38:00","slug":"contraviolencias-28-miradas-de-artistas","status":"publish","type":"product","link":"https:\/\/www.fundacioncanal.com\/tienda\/producto\/contraviolencias-28-miradas-de-artistas\/","title":{"rendered":"Contraviolencias. 28 miradas de artistas"},"content":{"rendered":"","protected":false},"excerpt":{"rendered":"<p>Cat\u00e1logo virtual de la exposici\u00f3n hom\u00f3nima, acerca de las diferentes tipolog\u00edas de maltrato contra la mujer, en el que se recoge la totalidad de las obras en la muestra e interesantes reflexiones de la comisaria, Randy Rosemberg. El cat\u00e1logo se puede consultar en la p\u00e1gina web de la Fundaci\u00f3n.<\/p>\n<p><strong>Madrid, 2013.<\/strong>\u00a0Edita Fundaci\u00f3n Canal<\/p>\n","protected":false},"featured_media":1587,"template":"","meta":{"_acf_changed":false,"inline_featured_image":false,"wds_primary_product_brand":0,"wds_primary_product_cat":0,"_links_to":"","_links_to_target":""},"product_brand":[],"product_cat":[62,65],"product_tag":[],"class_list":{"0":"post-1586","1":"product","2":"type-product","3":"status-publish","4":"has-post-thumbnail","6":"product_cat-exposiciones","7":"product_cat-publicaciones","9":"first","10":"instock","11":"downloadable","12":"virtual","13":"taxable","14":"purchasable","15":"product-type-simple"},"acf":[],"_links":{"self":[{"href":"https:\/\/www.fundacioncanal.com\/tienda\/wp-json\/wp\/v2\/product\/1586","targetHints":{"allow":["GET"]}}],"collection":[{"href":"https:\/\/www.fundacioncanal.com\/tienda\/wp-json\/wp\/v2\/product"}],"about":[{"href":"https:\/\/www.fundacioncanal.com\/tienda\/wp-json\/wp\/v2\/types\/product"}],"wp:featuredmedia":[{"embeddable":true,"href":"https:\/\/www.fundacioncanal.com\/tienda\/wp-json\/wp\/v2\/media\/1587"}],"wp:attachment":[{"href":"https:\/\/www.fundacioncanal.com\/tienda\/wp-json\/wp\/v2\/media?parent=1586"}],"wp:term":[{"taxonomy":"product_brand","embeddable":true,"href":"https:\/\/www.fundacioncanal.com\/tienda\/wp-json\/wp\/v2\/product_brand?post=1586"},{"taxonomy":"product_cat","embeddable":true,"href":"https:\/\/www.fundacioncanal.com\/tienda\/wp-json\/wp\/v2\/product_cat?post=1586"},{"taxonomy":"product_tag","embeddable":true,"href":"https:\/\/www.fundacioncanal.com\/tienda\/wp-json\/wp\/v2\/product_tag?post=1586"}],"curies":[{"name":"wp","href":"https:\/\/api.w.org\/{rel}","templated":true}]}}