{"id":1577,"date":"2020-06-19T10:25:21","date_gmt":"2020-06-19T10:25:21","guid":{"rendered":"http:\/\/www.fundacioncanal.com\/tienda\/?post_type=product&#038;p=1577"},"modified":"2024-07-23T06:38:31","modified_gmt":"2024-07-23T06:38:31","slug":"toma-el-mando-y-conectate","status":"publish","type":"product","link":"https:\/\/www.fundacioncanal.com\/tienda\/producto\/toma-el-mando-y-conectate\/","title":{"rendered":"\u00a1Toma el mando&#8230; Y con\u00e9ctate!"},"content":{"rendered":"","protected":false},"excerpt":{"rendered":"<p>A trav\u00e9s de esta publicaci\u00f3n, dirigida a ni\u00f1os de entre 6 y 12 a\u00f1os,\u00a0 los m\u00e1s peque\u00f1os descubrir\u00e1n lo que pueden conseguir gracias a la tecnolog\u00eda, c\u00f3mo hacer m\u00e1s f\u00e1cil su vida y la de su familia, cuidar el medioambiente y la salud, ahorrar\u2026 \u00a1y mucho m\u00e1s!\u00a0<b><\/b><\/p>\n<p><b>Madrid, 2016.\u00a0<\/b>Edita Fundaci\u00f3n Canal<\/p>\n","protected":false},"featured_media":1578,"template":"","meta":{"_acf_changed":false,"inline_featured_image":false,"wds_primary_product_brand":0,"wds_primary_product_cat":0,"_links_to":"","_links_to_target":""},"product_brand":[],"product_cat":[67,65],"product_tag":[],"class_list":{"0":"post-1577","1":"product","2":"type-product","3":"status-publish","4":"has-post-thumbnail","6":"product_cat-otras-publicaciones","7":"product_cat-publicaciones","9":"first","10":"instock","11":"downloadable","12":"virtual","13":"taxable","14":"purchasable","15":"product-type-simple"},"acf":[],"_links":{"self":[{"href":"https:\/\/www.fundacioncanal.com\/tienda\/wp-json\/wp\/v2\/product\/1577","targetHints":{"allow":["GET"]}}],"collection":[{"href":"https:\/\/www.fundacioncanal.com\/tienda\/wp-json\/wp\/v2\/product"}],"about":[{"href":"https:\/\/www.fundacioncanal.com\/tienda\/wp-json\/wp\/v2\/types\/product"}],"wp:featuredmedia":[{"embeddable":true,"href":"https:\/\/www.fundacioncanal.com\/tienda\/wp-json\/wp\/v2\/media\/1578"}],"wp:attachment":[{"href":"https:\/\/www.fundacioncanal.com\/tienda\/wp-json\/wp\/v2\/media?parent=1577"}],"wp:term":[{"taxonomy":"product_brand","embeddable":true,"href":"https:\/\/www.fundacioncanal.com\/tienda\/wp-json\/wp\/v2\/product_brand?post=1577"},{"taxonomy":"product_cat","embeddable":true,"href":"https:\/\/www.fundacioncanal.com\/tienda\/wp-json\/wp\/v2\/product_cat?post=1577"},{"taxonomy":"product_tag","embeddable":true,"href":"https:\/\/www.fundacioncanal.com\/tienda\/wp-json\/wp\/v2\/product_tag?post=1577"}],"curies":[{"name":"wp","href":"https:\/\/api.w.org\/{rel}","templated":true}]}}