{"id":1345,"date":"2020-06-09T15:13:36","date_gmt":"2020-06-09T15:13:36","guid":{"rendered":"http:\/\/www.fundacioncanal.com\/tienda\/?post_type=product&#038;p=1345"},"modified":"2024-07-23T06:39:24","modified_gmt":"2024-07-23T06:39:24","slug":"el-cuentagotas-vi-premio-de-narrativa-infantil-2016","status":"publish","type":"product","link":"https:\/\/www.fundacioncanal.com\/tienda\/producto\/el-cuentagotas-vi-premio-de-narrativa-infantil-2016\/","title":{"rendered":"El Cuentagotas. VI Premio de narrativa infantil"},"content":{"rendered":"<p>Esta publicaci\u00f3n, a trav\u00e9s de una narraci\u00f3n sencilla, har\u00e1 que lectores de entre 8 y 12 a\u00f1os se sumerjan f\u00e1cilmente en sus historias, adem\u00e1s de acercarles la cultura del agua, el respeto al medioambiente y la afici\u00f3n por la literatura.<\/p>\n<p><strong>Madrid, 2016.<\/strong>\u00a0Edita Fundaci\u00f3n Canal<\/p>\n","protected":false},"excerpt":{"rendered":"<p>Cinco divertid\u00edsimos cuentos que har\u00e1n volar la imaginaci\u00f3n de los ni\u00f1os a trav\u00e9s de las aventuras de su protagonista: el agua dulce.<\/p>\n","protected":false},"featured_media":1346,"template":"","meta":{"_acf_changed":false,"inline_featured_image":false,"wds_primary_product_brand":0,"wds_primary_product_cat":0,"_links_to":"","_links_to_target":""},"product_brand":[],"product_cat":[67,65],"product_tag":[],"class_list":{"0":"post-1345","1":"product","2":"type-product","3":"status-publish","4":"has-post-thumbnail","6":"product_cat-otras-publicaciones","7":"product_cat-publicaciones","9":"first","10":"instock","11":"downloadable","12":"virtual","13":"taxable","14":"purchasable","15":"product-type-simple"},"acf":[],"_links":{"self":[{"href":"https:\/\/www.fundacioncanal.com\/tienda\/wp-json\/wp\/v2\/product\/1345","targetHints":{"allow":["GET"]}}],"collection":[{"href":"https:\/\/www.fundacioncanal.com\/tienda\/wp-json\/wp\/v2\/product"}],"about":[{"href":"https:\/\/www.fundacioncanal.com\/tienda\/wp-json\/wp\/v2\/types\/product"}],"wp:featuredmedia":[{"embeddable":true,"href":"https:\/\/www.fundacioncanal.com\/tienda\/wp-json\/wp\/v2\/media\/1346"}],"wp:attachment":[{"href":"https:\/\/www.fundacioncanal.com\/tienda\/wp-json\/wp\/v2\/media?parent=1345"}],"wp:term":[{"taxonomy":"product_brand","embeddable":true,"href":"https:\/\/www.fundacioncanal.com\/tienda\/wp-json\/wp\/v2\/product_brand?post=1345"},{"taxonomy":"product_cat","embeddable":true,"href":"https:\/\/www.fundacioncanal.com\/tienda\/wp-json\/wp\/v2\/product_cat?post=1345"},{"taxonomy":"product_tag","embeddable":true,"href":"https:\/\/www.fundacioncanal.com\/tienda\/wp-json\/wp\/v2\/product_tag?post=1345"}],"curies":[{"name":"wp","href":"https:\/\/api.w.org\/{rel}","templated":true}]}}