{"id":1343,"date":"2020-06-09T15:08:02","date_gmt":"2020-06-09T15:08:02","guid":{"rendered":"http:\/\/www.fundacioncanal.com\/tienda\/?post_type=product&#038;p=1343"},"modified":"2024-07-23T06:39:34","modified_gmt":"2024-07-23T06:39:34","slug":"rodin-dibujos-y-recortes","status":"publish","type":"product","link":"https:\/\/www.fundacioncanal.com\/tienda\/producto\/rodin-dibujos-y-recortes\/","title":{"rendered":"Rodin. Dibujos y recortes"},"content":{"rendered":"","protected":false},"excerpt":{"rendered":"<p>La exposici\u00f3n \u00abRodin, dibujos y recortes\u00bb se completa con una publicaci\u00f3n, editada por La F\u00e1brica, que incluye reproducciones de las 91 obras que la componen, as\u00ed como textos explicativos realizados por la comisaria de la muestra, Sophie Biass-Fabiani, del Mus\u00e9e Rodin. En l\u00ednea con el estilo de los dibujos y recortes que conforman el grueso de la exposici\u00f3n, el cat\u00e1logo cuenta con un original encuadernado en espiral que hace referencia al cuaderno de dibujo que utilizaba para sus creaciones el propio Rodin.<\/p>\n","protected":false},"featured_media":1789,"template":"","meta":{"_acf_changed":false,"inline_featured_image":false,"wds_primary_product_brand":0,"wds_primary_product_cat":0,"_links_to":"","_links_to_target":""},"product_brand":[],"product_cat":[62,65],"product_tag":[],"class_list":{"0":"post-1343","1":"product","2":"type-product","3":"status-publish","4":"has-post-thumbnail","6":"product_cat-exposiciones","7":"product_cat-publicaciones","9":"first","10":"instock","11":"taxable","12":"shipping-taxable","13":"purchasable","14":"product-type-simple"},"acf":[],"_links":{"self":[{"href":"https:\/\/www.fundacioncanal.com\/tienda\/wp-json\/wp\/v2\/product\/1343","targetHints":{"allow":["GET"]}}],"collection":[{"href":"https:\/\/www.fundacioncanal.com\/tienda\/wp-json\/wp\/v2\/product"}],"about":[{"href":"https:\/\/www.fundacioncanal.com\/tienda\/wp-json\/wp\/v2\/types\/product"}],"wp:featuredmedia":[{"embeddable":true,"href":"https:\/\/www.fundacioncanal.com\/tienda\/wp-json\/wp\/v2\/media\/1789"}],"wp:attachment":[{"href":"https:\/\/www.fundacioncanal.com\/tienda\/wp-json\/wp\/v2\/media?parent=1343"}],"wp:term":[{"taxonomy":"product_brand","embeddable":true,"href":"https:\/\/www.fundacioncanal.com\/tienda\/wp-json\/wp\/v2\/product_brand?post=1343"},{"taxonomy":"product_cat","embeddable":true,"href":"https:\/\/www.fundacioncanal.com\/tienda\/wp-json\/wp\/v2\/product_cat?post=1343"},{"taxonomy":"product_tag","embeddable":true,"href":"https:\/\/www.fundacioncanal.com\/tienda\/wp-json\/wp\/v2\/product_tag?post=1343"}],"curies":[{"name":"wp","href":"https:\/\/api.w.org\/{rel}","templated":true}]}}