{"id":1340,"date":"2020-06-09T14:56:33","date_gmt":"2020-06-09T14:56:33","guid":{"rendered":"http:\/\/www.fundacioncanal.com\/tienda\/?post_type=product&#038;p=1340"},"modified":"2024-08-27T10:38:03","modified_gmt":"2024-08-27T10:38:03","slug":"botella-para-el-agua","status":"publish","type":"product","link":"https:\/\/www.fundacioncanal.com\/tienda\/producto\/botella-para-el-agua\/","title":{"rendered":"Botella para el agua"},"content":{"rendered":"<p>Con esta botella contribuir\u00e1s a cuidar el medioambiente, ya que puede ser reutilizada y no genera residuos pl\u00e1sticos que son muy contaminantes y ensucian nuestro planeta, y tambi\u00e9n a cuidar tu salud, ya que al carecer de \u00e1ngulos se evitan las bacterias y el tap\u00f3n est\u00e1 libre de bisfenol A (BPA).<\/p>\n<p>Tanto la botella como el tap\u00f3n son aptos para el lavavajillas.<\/p>\n<p>Ganadora de los premios europeos de dise\u00f1o \u201cRedot Design Award\u201d 2011 y del \u201cGood Design Award\u201d 2012<\/p>\n<p>Capacidad de la botella: 0,5 L<\/p>\n","protected":false},"excerpt":{"rendered":"<div class=\"loop\">\n<div id=\"descriptionTop\">\n<p>En la Comunidad de Madrid tenemos la inmensa suerte de beber una de las mejores aguas del mundo. Para que puedas bebas el agua del Canal de Isabel II en las mejores condiciones, ponemos en tus manos la botella ecol\u00f3gica RETAP, fabricada en vidrio de borosilicato, de mayor pureza y resistencia que el vidrio tradicional.<\/p>\n<\/div>\n<\/div>\n","protected":false},"featured_media":1750,"template":"","meta":{"_acf_changed":false,"inline_featured_image":false,"wds_primary_product_brand":0,"wds_primary_product_cat":0,"_links_to":"","_links_to_target":""},"product_brand":[],"product_cat":[63],"product_tag":[],"class_list":{"0":"post-1340","1":"product","2":"type-product","3":"status-publish","4":"has-post-thumbnail","6":"product_cat-ecotienda","8":"first","9":"instock","10":"taxable","11":"shipping-taxable","12":"purchasable","13":"product-type-simple"},"acf":[],"_links":{"self":[{"href":"https:\/\/www.fundacioncanal.com\/tienda\/wp-json\/wp\/v2\/product\/1340","targetHints":{"allow":["GET"]}}],"collection":[{"href":"https:\/\/www.fundacioncanal.com\/tienda\/wp-json\/wp\/v2\/product"}],"about":[{"href":"https:\/\/www.fundacioncanal.com\/tienda\/wp-json\/wp\/v2\/types\/product"}],"wp:featuredmedia":[{"embeddable":true,"href":"https:\/\/www.fundacioncanal.com\/tienda\/wp-json\/wp\/v2\/media\/1750"}],"wp:attachment":[{"href":"https:\/\/www.fundacioncanal.com\/tienda\/wp-json\/wp\/v2\/media?parent=1340"}],"wp:term":[{"taxonomy":"product_brand","embeddable":true,"href":"https:\/\/www.fundacioncanal.com\/tienda\/wp-json\/wp\/v2\/product_brand?post=1340"},{"taxonomy":"product_cat","embeddable":true,"href":"https:\/\/www.fundacioncanal.com\/tienda\/wp-json\/wp\/v2\/product_cat?post=1340"},{"taxonomy":"product_tag","embeddable":true,"href":"https:\/\/www.fundacioncanal.com\/tienda\/wp-json\/wp\/v2\/product_tag?post=1340"}],"curies":[{"name":"wp","href":"https:\/\/api.w.org\/{rel}","templated":true}]}}