{"id":3432,"date":"2024-04-30T07:47:01","date_gmt":"2024-04-30T07:47:01","guid":{"rendered":"https:\/\/www.fundacioncanal.com\/tienda\/?post_type=product&#038;p=3432"},"modified":"2024-04-30T07:55:46","modified_gmt":"2024-04-30T07:55:46","slug":"guia-practica-para-empresas-en-el-nuevo-contexto-ambiental","status":"publish","type":"product","link":"https:\/\/www.fundacioncanal.com\/tienda\/en\/product\/guia-practica-para-empresas-en-el-nuevo-contexto-ambiental\/","title":{"rendered":"Gu\u00eda pr\u00e1ctica para empresas en el nuevo contexto ambiental"},"content":{"rendered":"","protected":false},"excerpt":{"rendered":"<p>La <em>Gu\u00eda pr\u00e1ctica para empresas en el nuevo contexto ambiental. Agua taxonom\u00eda verde y m\u00e1s<\/em>\u00a0es un manual que tiene como objetivo orientar a las empresas, independientemente de su tama\u00f1o, hacia modelos sostenibles acordes con el nuevo sistema de taxonom\u00eda verde europea.<\/p>\n<p>Est\u00e1 dirigida principalmente a empresarios y directivos de compa\u00f1\u00edas de cualquier tama\u00f1o, aunque es de especial inter\u00e9s para las pymes. Muestra, de forma sint\u00e9tica y clara, las claves y herramientas para que puedan comprender y adaptarse al marco normativo ambiental europeo y facilitar as\u00ed su adaptaci\u00f3n hacia modelos m\u00e1s sostenibles.<\/p>\n","protected":false},"featured_media":3455,"template":"","meta":{"_acf_changed":false,"inline_featured_image":false,"wds_primary_product_brand":0,"wds_primary_product_cat":0,"_links_to":"","_links_to_target":""},"product_brand":[],"product_cat":[66,65],"product_tag":[],"class_list":{"0":"post-3432","1":"product","2":"type-product","3":"status-publish","4":"has-post-thumbnail","6":"product_cat-cientifico-divulgativas","7":"product_cat-publicaciones","9":"first","10":"instock","11":"downloadable","12":"taxable","13":"shipping-taxable","14":"product-type-simple"},"acf":[],"_links":{"self":[{"href":"https:\/\/www.fundacioncanal.com\/tienda\/en\/wp-json\/wp\/v2\/product\/3432","targetHints":{"allow":["GET"]}}],"collection":[{"href":"https:\/\/www.fundacioncanal.com\/tienda\/en\/wp-json\/wp\/v2\/product"}],"about":[{"href":"https:\/\/www.fundacioncanal.com\/tienda\/en\/wp-json\/wp\/v2\/types\/product"}],"wp:featuredmedia":[{"embeddable":true,"href":"https:\/\/www.fundacioncanal.com\/tienda\/en\/wp-json\/wp\/v2\/media\/3455"}],"wp:attachment":[{"href":"https:\/\/www.fundacioncanal.com\/tienda\/en\/wp-json\/wp\/v2\/media?parent=3432"}],"wp:term":[{"taxonomy":"product_brand","embeddable":true,"href":"https:\/\/www.fundacioncanal.com\/tienda\/en\/wp-json\/wp\/v2\/product_brand?post=3432"},{"taxonomy":"product_cat","embeddable":true,"href":"https:\/\/www.fundacioncanal.com\/tienda\/en\/wp-json\/wp\/v2\/product_cat?post=3432"},{"taxonomy":"product_tag","embeddable":true,"href":"https:\/\/www.fundacioncanal.com\/tienda\/en\/wp-json\/wp\/v2\/product_tag?post=3432"}],"curies":[{"name":"wp","href":"https:\/\/api.w.org\/{rel}","templated":true}]}}