{"id":8855,"date":"2020-06-10T09:59:50","date_gmt":"2020-06-10T12:59:50","guid":{"rendered":"https:\/\/www.fundacioncanal.com\/canaleduca\/?page_id=8855"},"modified":"2026-03-19T12:23:09","modified_gmt":"2026-03-19T15:23:09","slug":"pildoras-formativas","status":"publish","type":"page","link":"https:\/\/www.fundacioncanal.com\/canaleduca\/pildoras-formativas\/","title":{"rendered":"P\u00edldoras formativas"},"content":{"rendered":"<div id='av_section_1'  class='avia-section av-1bt0h-526233312ff5ab72c3a11bd1d75da650 main_color avia-section-default avia-no-border-styling  avia-builder-el-0  el_before_av_section  avia-builder-el-first  avia-bg-style-scroll container_wrap fullsize'  ><div class='container av-section-cont-open' ><main  role=\"main\" itemprop=\"mainContentOfPage\"  class='template-page content  av-content-full alpha units'><div class='post-entry post-entry-type-page post-entry-8855'><div class='entry-content-wrapper clearfix'>\n\n<style type=\"text\/css\" data-created_by=\"avia_inline_auto\" id=\"style-css-av-14cnf-1f767a120a854ded82ba7c84f26455af\">\n.flex_column.av-14cnf-1f767a120a854ded82ba7c84f26455af{\nborder-radius:0px 0px 0px 0px;\npadding:0px 0px 0px 0px;\n}\n<\/style>\n<div  class='flex_column av-14cnf-1f767a120a854ded82ba7c84f26455af av_one_full  avia-builder-el-1  avia-builder-el-no-sibling  first flex_column_div av-zero-column-padding  '     ><style type=\"text\/css\" data-created_by=\"avia_inline_auto\" id=\"style-css-av-kb9cyeoq-d57b83fa5091ee218c3ce6e86ee60718\">\n#top .av-special-heading.av-kb9cyeoq-d57b83fa5091ee218c3ce6e86ee60718{\npadding-bottom:10px;\ncolor:#808080;\n}\nbody .av-special-heading.av-kb9cyeoq-d57b83fa5091ee218c3ce6e86ee60718 .av-special-heading-tag .heading-char{\nfont-size:25px;\n}\n.av-special-heading.av-kb9cyeoq-d57b83fa5091ee218c3ce6e86ee60718 .special-heading-inner-border{\nborder-color:#808080;\n}\n.av-special-heading.av-kb9cyeoq-d57b83fa5091ee218c3ce6e86ee60718 .av-subheading{\nfont-size:15px;\n}\n<\/style>\n<div  class='av-special-heading av-kb9cyeoq-d57b83fa5091ee218c3ce6e86ee60718 av-special-heading-h1 custom-color-heading blockquote modern-quote  avia-builder-el-2  avia-builder-el-no-sibling  av-linked-heading'><h1 class='av-special-heading-tag '  itemprop=\"headline\"  >P\u00edldoras formativas<\/h1><div class='av_custom_color av-subheading av-subheading_below'><p>Canal Educa acompa\u00f1a al profesorado en el proceso de digitalizaci\u00f3n de las aulas<\/p>\n<\/div><div class=\"special-heading-border\"><div class=\"special-heading-inner-border\"><\/div><\/div><\/div><\/div>\n\n<\/div><\/div><\/main><!-- close content main element --><\/div><\/div>\n<style type=\"text\/css\" data-created_by=\"avia_inline_auto\" id=\"style-css-av-49e8em-dc19a4cea5138b77e7adcab0d09d36d1\">\n.avia-section.av-49e8em-dc19a4cea5138b77e7adcab0d09d36d1{\nbackground-color:#f7f7f7;\nbackground-image:unset;\n}\n<\/style>\n<div id='pildoras'  class='avia-section av-49e8em-dc19a4cea5138b77e7adcab0d09d36d1 main_color avia-section-default avia-no-border-styling  avia-builder-el-3  el_after_av_section  avia-builder-el-last  avia-bg-style-scroll container_wrap fullsize'  ><div class='container av-section-cont-open' ><div class='template-page content  av-content-full alpha units'><div class='post-entry post-entry-type-page post-entry-8855'><div class='entry-content-wrapper clearfix'>\n\n<style type=\"text\/css\" data-created_by=\"avia_inline_auto\" id=\"style-css-av-4sb6ut-92ae3f87228bf5922226213e7472bbdd\">\n.flex_column.av-4sb6ut-92ae3f87228bf5922226213e7472bbdd{\nborder-radius:0px 0px 0px 0px;\npadding:0px 0px 0px 0px;\n}\n<\/style>\n<div  class='flex_column av-4sb6ut-92ae3f87228bf5922226213e7472bbdd av_one_half  avia-builder-el-4  el_before_av_one_half  avia-builder-el-first  first flex_column_div av-zero-column-padding  '     ><p><br \/>\n\n<style type=\"text\/css\" data-created_by=\"avia_inline_auto\" id=\"style-css-av-adgz6f-85efc922da710ebc94e9298a6b27380b\">\n#top .av-special-heading.av-adgz6f-85efc922da710ebc94e9298a6b27380b{\npadding-bottom:10px;\ncolor:#0092d0;\n}\nbody .av-special-heading.av-adgz6f-85efc922da710ebc94e9298a6b27380b .av-special-heading-tag .heading-char{\nfont-size:25px;\n}\n.av-special-heading.av-adgz6f-85efc922da710ebc94e9298a6b27380b .special-heading-inner-border{\nborder-color:#0092d0;\n}\n.av-special-heading.av-adgz6f-85efc922da710ebc94e9298a6b27380b .av-subheading{\nfont-size:15px;\n}\n<\/style>\n<div  class='av-special-heading av-adgz6f-85efc922da710ebc94e9298a6b27380b av-special-heading-h4 custom-color-heading blockquote modern-quote  avia-builder-el-6  el_after_av_codeblock  el_before_av_textblock '><h4 class='av-special-heading-tag '  itemprop=\"headline\"  >Google Earth, una potente herramienta educativa<\/h4><div class=\"special-heading-border\"><div class=\"special-heading-inner-border\"><\/div><\/div><\/div><br \/>\n<section  class='av_textblock_section av-k117nxqx-31765e28935512a8e0a8d71ab94123a2 '   itemscope=\"itemscope\" itemtype=\"https:\/\/schema.org\/CreativeWork\" ><div class='avia_textblock'  itemprop=\"text\" ><p>Google Earth es una atractiva herramienta educativa en la que se combinan im\u00e1genes sat\u00e9lite, mapas y una potente base de datos geogr\u00e1fica que puedes utilizar con total flexibilidad y enorme creatividad para promover el aprendizaje activo de tu alumnado y fomentar su curiosidad. \u00bfLa exploras con nosotros?<\/p>\n<\/div><\/section><\/p><\/div>\n<style type=\"text\/css\" data-created_by=\"avia_inline_auto\" id=\"style-css-av-4sb6ut-14-223c50d06399aaea4b79a63632f89605\">\n.flex_column.av-4sb6ut-14-223c50d06399aaea4b79a63632f89605{\nborder-radius:0px 0px 0px 0px;\npadding:0px 0px 0px 0px;\n}\n<\/style>\n<div  class='flex_column av-4sb6ut-14-223c50d06399aaea4b79a63632f89605 av_one_half  avia-builder-el-8  el_after_av_one_half  el_before_av_one_half  flex_column_div av-zero-column-padding  '     ><p><br \/>\n\n<style type=\"text\/css\" data-created_by=\"avia_inline_auto\" id=\"style-css-av-99rkuf-a97b3235e9f7dd35222949cf0d10fa4c\">\n#top .av-special-heading.av-99rkuf-a97b3235e9f7dd35222949cf0d10fa4c{\npadding-bottom:10px;\ncolor:#0092d0;\n}\nbody .av-special-heading.av-99rkuf-a97b3235e9f7dd35222949cf0d10fa4c .av-special-heading-tag .heading-char{\nfont-size:25px;\n}\n.av-special-heading.av-99rkuf-a97b3235e9f7dd35222949cf0d10fa4c .special-heading-inner-border{\nborder-color:#0092d0;\n}\n.av-special-heading.av-99rkuf-a97b3235e9f7dd35222949cf0d10fa4c .av-subheading{\nfont-size:15px;\n}\n<\/style>\n<div  class='av-special-heading av-99rkuf-a97b3235e9f7dd35222949cf0d10fa4c av-special-heading-h4 custom-color-heading blockquote modern-quote  avia-builder-el-10  el_after_av_codeblock  el_before_av_textblock '><h4 class='av-special-heading-tag '  itemprop=\"headline\"  >Khan Academy: la web de recursos para profesores con multitud de pr\u00e1cticas para alumnos<\/h4><div class=\"special-heading-border\"><div class=\"special-heading-inner-border\"><\/div><\/div><\/div><br \/>\n<section  class='av_textblock_section av-k117nxqx-12-a3ac07d1fd6d0fa646ead5c5d6b16f00 '   itemscope=\"itemscope\" itemtype=\"https:\/\/schema.org\/CreativeWork\" ><div class='avia_textblock'  itemprop=\"text\" ><p>La plataforma gratuita Khan Academy es una web con infinidad de recursos did\u00e1cticos dise\u00f1ados por docentes y en m\u00faltiples formatos (documentos, v\u00eddeos, etc.) para facilitar el aprendizaje a trav\u00e9s de lecciones y ejercicios pr\u00e1cticos, en la que el profesorado puede hacer un seguimiento ordenado y constante de las tareas realizadas.<\/p>\n<\/div><\/section><\/p><\/div>\n<style type=\"text\/css\" data-created_by=\"avia_inline_auto\" id=\"style-css-av-4sb6ut-11-79f8d29cd55717c3f3546fc08e2d0c77\">\n.flex_column.av-4sb6ut-11-79f8d29cd55717c3f3546fc08e2d0c77{\nborder-radius:0px 0px 0px 0px;\npadding:0px 0px 0px 0px;\n}\n<\/style>\n<div  class='flex_column av-4sb6ut-11-79f8d29cd55717c3f3546fc08e2d0c77 av_one_half  avia-builder-el-12  el_after_av_one_half  el_before_av_one_half  first flex_column_div av-zero-column-padding  column-top-margin'     ><p><br \/>\n\n<style type=\"text\/css\" data-created_by=\"avia_inline_auto\" id=\"style-css-av-7tyfs7-0e746d165089c54a7a5adac75e7106fd\">\n#top .av-special-heading.av-7tyfs7-0e746d165089c54a7a5adac75e7106fd{\npadding-bottom:10px;\ncolor:#0092d0;\n}\nbody .av-special-heading.av-7tyfs7-0e746d165089c54a7a5adac75e7106fd .av-special-heading-tag .heading-char{\nfont-size:25px;\n}\n.av-special-heading.av-7tyfs7-0e746d165089c54a7a5adac75e7106fd .special-heading-inner-border{\nborder-color:#0092d0;\n}\n.av-special-heading.av-7tyfs7-0e746d165089c54a7a5adac75e7106fd .av-subheading{\nfont-size:15px;\n}\n<\/style>\n<div  class='av-special-heading av-7tyfs7-0e746d165089c54a7a5adac75e7106fd av-special-heading-h4 custom-color-heading blockquote modern-quote  avia-builder-el-14  el_after_av_codeblock  el_before_av_textblock '><h4 class='av-special-heading-tag '  itemprop=\"headline\"  >Presentamos Procom\u00fan, el espacio donde crear y colaborar entre docentes<\/h4><div class=\"special-heading-border\"><div class=\"special-heading-inner-border\"><\/div><\/div><\/div><br \/>\n<section  class='av_textblock_section av-k117nxqx-9-58e6adbdbaab593e743d86d3e5e5e03e '   itemscope=\"itemscope\" itemtype=\"https:\/\/schema.org\/CreativeWork\" ><div class='avia_textblock'  itemprop=\"text\" ><p>Procom\u00fan es una red de recursos educativos en abierto integrada en el INTEF (Instituto Nacional de Tecnolog\u00edas Educativas y Formaci\u00f3n del Profesorado). Una red colaborativa y din\u00e1mica hecha por y para profesores que conforma un gran repositorio con material did\u00e1ctico estructurado, clasificado y preparado para su descarga y uso directo con el alumnado.<\/p>\n<\/div><\/section><\/p><\/div>\n<style type=\"text\/css\" data-created_by=\"avia_inline_auto\" id=\"style-css-av-4sb6ut-8-08684ee99a1414d267a8fc55228dc4f4\">\n.flex_column.av-4sb6ut-8-08684ee99a1414d267a8fc55228dc4f4{\nborder-radius:0px 0px 0px 0px;\npadding:0px 0px 0px 0px;\n}\n<\/style>\n<div  class='flex_column av-4sb6ut-8-08684ee99a1414d267a8fc55228dc4f4 av_one_half  avia-builder-el-16  el_after_av_one_half  avia-builder-el-last  flex_column_div av-zero-column-padding  column-top-margin'     ><\/div>\n","protected":false},"excerpt":{"rendered":"","protected":false},"author":1,"featured_media":0,"parent":0,"menu_order":0,"comment_status":"closed","ping_status":"closed","template":"","meta":{"inline_featured_image":false,"footnotes":""},"class_list":["post-8855","page","type-page","status-publish","hentry"],"yoast_head":"<!-- This site is optimized with the Yoast SEO plugin v27.5 - https:\/\/yoast.com\/product\/yoast-seo-wordpress\/ -->\n<title>P\u00edldoras formativas - Canal Educa<\/title>\n<meta name=\"description\" content=\"Descubre Canal Educa a trav\u00e9s de las im\u00e1genes y v\u00eddeos de todas nuestras actividades: las presenciales en el aula y las visitas a instalaciones\" \/>\n<meta name=\"robots\" content=\"index, follow, max-snippet:-1, max-image-preview:large, max-video-preview:-1\" \/>\n<link rel=\"canonical\" href=\"https:\/\/www.fundacioncanal.com\/canaleduca\/pildoras-formativas\/\" \/>\n<meta property=\"og:locale\" content=\"es_ES\" \/>\n<meta property=\"og:type\" content=\"article\" \/>\n<meta property=\"og:title\" content=\"P\u00edldoras formativas - Canal Educa\" \/>\n<meta property=\"og:description\" content=\"Descubre Canal Educa a trav\u00e9s de las im\u00e1genes y v\u00eddeos de todas nuestras actividades: las presenciales en el aula y las visitas a instalaciones\" \/>\n<meta property=\"og:url\" content=\"https:\/\/www.fundacioncanal.com\/canaleduca\/pildoras-formativas\/\" \/>\n<meta property=\"og:site_name\" content=\"Canal Educa\" \/>\n<meta property=\"article:publisher\" content=\"https:\/\/www.facebook.com\/FundacionCanalMadrid\/\" \/>\n<meta property=\"article:modified_time\" content=\"2026-03-19T15:23:09+00:00\" \/>\n<meta name=\"twitter:card\" content=\"summary_large_image\" \/>\n<meta name=\"twitter:site\" content=\"@fundacioncanal\" \/>\n<meta name=\"twitter:label1\" content=\"Tiempo de lectura\" \/>\n\t<meta name=\"twitter:data1\" content=\"1 minuto\" \/>\n<script type=\"application\/ld+json\" class=\"yoast-schema-graph\">{\"@context\":\"https:\\\/\\\/schema.org\",\"@graph\":[{\"@type\":\"WebPage\",\"@id\":\"https:\\\/\\\/www.fundacioncanal.com\\\/canaleduca\\\/pildoras-formativas\\\/\",\"url\":\"https:\\\/\\\/www.fundacioncanal.com\\\/canaleduca\\\/pildoras-formativas\\\/\",\"name\":\"P\u00edldoras formativas - Canal Educa\",\"isPartOf\":{\"@id\":\"https:\\\/\\\/www.fundacioncanal.com\\\/canaleduca\\\/#website\"},\"datePublished\":\"2020-06-10T12:59:50+00:00\",\"dateModified\":\"2026-03-19T15:23:09+00:00\",\"description\":\"Descubre Canal Educa a trav\u00e9s de las im\u00e1genes y v\u00eddeos de todas nuestras actividades: las presenciales en el aula y las visitas a instalaciones\",\"breadcrumb\":{\"@id\":\"https:\\\/\\\/www.fundacioncanal.com\\\/canaleduca\\\/pildoras-formativas\\\/#breadcrumb\"},\"inLanguage\":\"es\",\"potentialAction\":[{\"@type\":\"ReadAction\",\"target\":[\"https:\\\/\\\/www.fundacioncanal.com\\\/canaleduca\\\/pildoras-formativas\\\/\"]}]},{\"@type\":\"BreadcrumbList\",\"@id\":\"https:\\\/\\\/www.fundacioncanal.com\\\/canaleduca\\\/pildoras-formativas\\\/#breadcrumb\",\"itemListElement\":[{\"@type\":\"ListItem\",\"position\":1,\"name\":\"Portada\",\"item\":\"https:\\\/\\\/www.fundacioncanal.com\\\/canaleduca\\\/inicio\\\/\"},{\"@type\":\"ListItem\",\"position\":2,\"name\":\"P\u00edldoras formativas\"}]},{\"@type\":\"WebSite\",\"@id\":\"https:\\\/\\\/www.fundacioncanal.com\\\/canaleduca\\\/#website\",\"url\":\"https:\\\/\\\/www.fundacioncanal.com\\\/canaleduca\\\/\",\"name\":\"Canal Educa\",\"description\":\"Canal Educa - Canal Educa es el programa educativo de la Fundaci\u00f3n Canal que, desde 1991, fomenta el conocimiento del ciclo del agua y la sostenibilidad entre todos los centros educativos de la Comunidad de Madrid con una innovadora oferta de actividades presenciales y online.\",\"publisher\":{\"@id\":\"https:\\\/\\\/www.fundacioncanal.com\\\/canaleduca\\\/#organization\"},\"potentialAction\":[{\"@type\":\"SearchAction\",\"target\":{\"@type\":\"EntryPoint\",\"urlTemplate\":\"https:\\\/\\\/www.fundacioncanal.com\\\/canaleduca\\\/?s={search_term_string}\"},\"query-input\":{\"@type\":\"PropertyValueSpecification\",\"valueRequired\":true,\"valueName\":\"search_term_string\"}}],\"inLanguage\":\"es\"},{\"@type\":\"Organization\",\"@id\":\"https:\\\/\\\/www.fundacioncanal.com\\\/canaleduca\\\/#organization\",\"name\":\"Canal Educa\",\"url\":\"https:\\\/\\\/www.fundacioncanal.com\\\/canaleduca\\\/\",\"logo\":{\"@type\":\"ImageObject\",\"inLanguage\":\"es\",\"@id\":\"https:\\\/\\\/www.fundacioncanal.com\\\/canaleduca\\\/#\\\/schema\\\/logo\\\/image\\\/\",\"url\":\"https:\\\/\\\/www.fundacioncanal.com\\\/canaleduca\\\/wp-content\\\/uploads\\\/2019\\\/09\\\/canaleduca-logo.jpg\",\"contentUrl\":\"https:\\\/\\\/www.fundacioncanal.com\\\/canaleduca\\\/wp-content\\\/uploads\\\/2019\\\/09\\\/canaleduca-logo.jpg\",\"width\":241,\"height\":68,\"caption\":\"Canal Educa\"},\"image\":{\"@id\":\"https:\\\/\\\/www.fundacioncanal.com\\\/canaleduca\\\/#\\\/schema\\\/logo\\\/image\\\/\"},\"sameAs\":[\"https:\\\/\\\/www.facebook.com\\\/FundacionCanalMadrid\\\/\",\"https:\\\/\\\/x.com\\\/fundacioncanal\",\"https:\\\/\\\/www.instagram.com\\\/fundacioncanal\\\/\",\"https:\\\/\\\/www.linkedin.com\\\/company\\\/fundaci\u00f3n-canal\\\/\",\"https:\\\/\\\/www.youtube.com\\\/user\\\/FundacionCanal\"]}]}<\/script>\n<!-- \/ Yoast SEO plugin. -->","yoast_head_json":{"title":"P\u00edldoras formativas - Canal Educa","description":"Descubre Canal Educa a trav\u00e9s de las im\u00e1genes y v\u00eddeos de todas nuestras actividades: las presenciales en el aula y las visitas a instalaciones","robots":{"index":"index","follow":"follow","max-snippet":"max-snippet:-1","max-image-preview":"max-image-preview:large","max-video-preview":"max-video-preview:-1"},"canonical":"https:\/\/www.fundacioncanal.com\/canaleduca\/pildoras-formativas\/","og_locale":"es_ES","og_type":"article","og_title":"P\u00edldoras formativas - Canal Educa","og_description":"Descubre Canal Educa a trav\u00e9s de las im\u00e1genes y v\u00eddeos de todas nuestras actividades: las presenciales en el aula y las visitas a instalaciones","og_url":"https:\/\/www.fundacioncanal.com\/canaleduca\/pildoras-formativas\/","og_site_name":"Canal Educa","article_publisher":"https:\/\/www.facebook.com\/FundacionCanalMadrid\/","article_modified_time":"2026-03-19T15:23:09+00:00","twitter_card":"summary_large_image","twitter_site":"@fundacioncanal","twitter_misc":{"Tiempo de lectura":"1 minuto"},"schema":{"@context":"https:\/\/schema.org","@graph":[{"@type":"WebPage","@id":"https:\/\/www.fundacioncanal.com\/canaleduca\/pildoras-formativas\/","url":"https:\/\/www.fundacioncanal.com\/canaleduca\/pildoras-formativas\/","name":"P\u00edldoras formativas - Canal Educa","isPartOf":{"@id":"https:\/\/www.fundacioncanal.com\/canaleduca\/#website"},"datePublished":"2020-06-10T12:59:50+00:00","dateModified":"2026-03-19T15:23:09+00:00","description":"Descubre Canal Educa a trav\u00e9s de las im\u00e1genes y v\u00eddeos de todas nuestras actividades: las presenciales en el aula y las visitas a instalaciones","breadcrumb":{"@id":"https:\/\/www.fundacioncanal.com\/canaleduca\/pildoras-formativas\/#breadcrumb"},"inLanguage":"es","potentialAction":[{"@type":"ReadAction","target":["https:\/\/www.fundacioncanal.com\/canaleduca\/pildoras-formativas\/"]}]},{"@type":"BreadcrumbList","@id":"https:\/\/www.fundacioncanal.com\/canaleduca\/pildoras-formativas\/#breadcrumb","itemListElement":[{"@type":"ListItem","position":1,"name":"Portada","item":"https:\/\/www.fundacioncanal.com\/canaleduca\/inicio\/"},{"@type":"ListItem","position":2,"name":"P\u00edldoras formativas"}]},{"@type":"WebSite","@id":"https:\/\/www.fundacioncanal.com\/canaleduca\/#website","url":"https:\/\/www.fundacioncanal.com\/canaleduca\/","name":"Canal Educa","description":"Canal Educa - Canal Educa es el programa educativo de la Fundaci\u00f3n Canal que, desde 1991, fomenta el conocimiento del ciclo del agua y la sostenibilidad entre todos los centros educativos de la Comunidad de Madrid con una innovadora oferta de actividades presenciales y online.","publisher":{"@id":"https:\/\/www.fundacioncanal.com\/canaleduca\/#organization"},"potentialAction":[{"@type":"SearchAction","target":{"@type":"EntryPoint","urlTemplate":"https:\/\/www.fundacioncanal.com\/canaleduca\/?s={search_term_string}"},"query-input":{"@type":"PropertyValueSpecification","valueRequired":true,"valueName":"search_term_string"}}],"inLanguage":"es"},{"@type":"Organization","@id":"https:\/\/www.fundacioncanal.com\/canaleduca\/#organization","name":"Canal Educa","url":"https:\/\/www.fundacioncanal.com\/canaleduca\/","logo":{"@type":"ImageObject","inLanguage":"es","@id":"https:\/\/www.fundacioncanal.com\/canaleduca\/#\/schema\/logo\/image\/","url":"https:\/\/www.fundacioncanal.com\/canaleduca\/wp-content\/uploads\/2019\/09\/canaleduca-logo.jpg","contentUrl":"https:\/\/www.fundacioncanal.com\/canaleduca\/wp-content\/uploads\/2019\/09\/canaleduca-logo.jpg","width":241,"height":68,"caption":"Canal Educa"},"image":{"@id":"https:\/\/www.fundacioncanal.com\/canaleduca\/#\/schema\/logo\/image\/"},"sameAs":["https:\/\/www.facebook.com\/FundacionCanalMadrid\/","https:\/\/x.com\/fundacioncanal","https:\/\/www.instagram.com\/fundacioncanal\/","https:\/\/www.linkedin.com\/company\/fundaci\u00f3n-canal\/","https:\/\/www.youtube.com\/user\/FundacionCanal"]}]}},"_links":{"self":[{"href":"https:\/\/www.fundacioncanal.com\/canaleduca\/wp-json\/wp\/v2\/pages\/8855","targetHints":{"allow":["GET"]}}],"collection":[{"href":"https:\/\/www.fundacioncanal.com\/canaleduca\/wp-json\/wp\/v2\/pages"}],"about":[{"href":"https:\/\/www.fundacioncanal.com\/canaleduca\/wp-json\/wp\/v2\/types\/page"}],"author":[{"embeddable":true,"href":"https:\/\/www.fundacioncanal.com\/canaleduca\/wp-json\/wp\/v2\/users\/1"}],"replies":[{"embeddable":true,"href":"https:\/\/www.fundacioncanal.com\/canaleduca\/wp-json\/wp\/v2\/comments?post=8855"}],"version-history":[{"count":2,"href":"https:\/\/www.fundacioncanal.com\/canaleduca\/wp-json\/wp\/v2\/pages\/8855\/revisions"}],"predecessor-version":[{"id":42834,"href":"https:\/\/www.fundacioncanal.com\/canaleduca\/wp-json\/wp\/v2\/pages\/8855\/revisions\/42834"}],"wp:attachment":[{"href":"https:\/\/www.fundacioncanal.com\/canaleduca\/wp-json\/wp\/v2\/media?parent=8855"}],"curies":[{"name":"wp","href":"https:\/\/api.w.org\/{rel}","templated":true}]}}