{"id":28870,"date":"2022-01-03T13:20:48","date_gmt":"2022-01-03T16:20:48","guid":{"rendered":"https:\/\/www.fundacioncanal.com\/canaleduca\/?page_id=28870"},"modified":"2022-02-03T08:35:26","modified_gmt":"2022-02-03T11:35:26","slug":"instrucciones-webinar-para-docentes","status":"publish","type":"page","link":"https:\/\/www.fundacioncanal.com\/canaleduca\/instrucciones-webinar-para-docentes\/","title":{"rendered":"Instrucciones Webinar para docentes"},"content":{"rendered":"\n<style type=\"text\/css\" data-created_by=\"avia_inline_auto\" id=\"style-css-av-4tt1vo-10382ed900d73b4955353557f3aee9cd\">\n.avia-section.av-4tt1vo-10382ed900d73b4955353557f3aee9cd{\nbackground-color:#f7f7f7;\nbackground-image:unset;\n}\n<\/style>\n<div id='av_section_1'  class='avia-section av-4tt1vo-10382ed900d73b4955353557f3aee9cd main_color avia-section-default avia-no-border-styling  avia-builder-el-0  avia-builder-el-no-sibling  avia-bg-style-scroll container_wrap fullsize'  ><div class='container av-section-cont-open' ><main  role=\"main\" itemprop=\"mainContentOfPage\"  class='template-page content  av-content-full alpha units'><div class='post-entry post-entry-type-page post-entry-28870'><div class='entry-content-wrapper clearfix'>\n\n<style type=\"text\/css\" data-created_by=\"avia_inline_auto\" id=\"style-css-av-kxyw2m7u-55e7d4c7b1d2aa8acab4eb22172b0c93\">\n#top .av_textblock_section.av-kxyw2m7u-55e7d4c7b1d2aa8acab4eb22172b0c93 .avia_textblock{\nfont-size:21px;\ncolor:#0695d1;\n}\n<\/style>\n<section  class='av_textblock_section av-kxyw2m7u-55e7d4c7b1d2aa8acab4eb22172b0c93 '   itemscope=\"itemscope\" itemtype=\"https:\/\/schema.org\/CreativeWork\" ><div class='avia_textblock av_inherit_color'  itemprop=\"text\" ><div class=\"page\" title=\"Page 1\">\n<div class=\"layoutArea\">\n<div class=\"column\">\n<p>El presente documento contiene las normas, compromisos y el re\u0301gimen de responsabilidad aplicable a todas las personas que participen en los webinars de Canal Educa, y debera\u0301 ser le\u00eddo y aceptado por cada participante con car\u00e1cter previo a la formalizaci\u00f3n de la inscripci\u00f3n.<\/p>\n<\/div>\n<\/div>\n<\/div>\n<\/div><\/section>\n<div  class='hr av-kxyw5kkk-c0e2032b9cb52b4b5bc958a1426cb46a hr-full  avia-builder-el-2  el_after_av_textblock  el_before_av_textblock  hr-no-shadow'><span class='hr-inner '><span class=\"hr-inner-style\"><\/span><\/span><\/div>\n<section  class='av_textblock_section av-1ulb9g-6aa1beb2a9312d0c84b4a5bb6f684bd0 '   itemscope=\"itemscope\" itemtype=\"https:\/\/schema.org\/CreativeWork\" ><div class='avia_textblock'  itemprop=\"text\" ><h2 style=\"color: #0695d1;\">NORMAS DE PARTICIPACI\u00d3N EN EL WEBINAR<\/h2>\n<ul>\n<li>La sesio\u0301n se realizara\u0301 en la herramienta virtual Google Meet con que cuenta el programa Canal Educa para estas actividades bajo los criterios de seguridad y proteccio\u0301n de datos acordes a la configuracio\u0301n de dicha herramienta.<\/li>\n<li>La sesio\u0301n sera\u0301 convocada por la secretari\u0301a te\u0301cnica del programa, actuando el educador que e\u0301sta asigne a la sesio\u0301n como administrador y gestor de la herramienta.<\/li>\n<li>Unos di\u0301as antes de la sesio\u0301n, la secretari\u0301a te\u0301cnica del programa enviara\u0301 el enlace correspondiente a los participantes. Asi\u0301 mismo, les notificara\u0301 el contacto del educador asignado a dicha sesio\u0301n.<\/li>\n<li>Los participantes actuara\u0301n como invitados a la sesio\u0301n y se conectara\u0301n con 10 minutos de antelacio\u0301n para verificar que el acceso funciona y la sesio\u0301n se puede realizar sin inconvenientes.<\/li>\n<li>El educador validara\u0301 el acceso de los solicitantes, entendiendo que los participantes no habra\u0301n facilitado el enlace de acceso a la sesio\u0301n a terceras personas.<\/li>\n<li>Al comienzo de la actividad el educador comentara\u0301 con los participantes los detalles organizativos y de comunicacio\u0301n. Los participantes habilitara\u0301n sus micro\u0301fonos tan so\u0301lo en los momentos en los que la actividad lo requiera y el educador lo determine.<\/li>\n<li>Durante la sesio\u0301n:\n<ul>\n<li>El medio de comunicacio\u0301n entre los participantes y el educador sera\u0301 el chat de la herramienta digital, salvo en los casos en los que el educador indique que es necesario encender los micro\u0301fonos.<\/li>\n<li>Los participantes no debera\u0301n compartir ningu\u0301n tipo de contenido durante la actividad.<\/li>\n<li>Los participantes no podra\u0301n fotografiar ni grabar ima\u0301genes o intervenciones de la sesio\u0301n, ni total ni parcialmente, ni mucho menos compartirlas posteriormente.<\/li>\n<\/ul>\n<\/li>\n<li>Queda terminantemente prohibido grabar la sesio\u0301n, total o parcialmente, salvo autorizacio\u0301n expresa por parte de la Fundacio\u0301n Canal.<\/li>\n<li>En caso necesario podra\u0301n acudir como invitado algu\u0301n otro responsable del programa Canal Educa.<\/li>\n<\/ul>\n<h2><strong>Informaci\u00f3n \u00fatil<\/strong><\/h2>\n<ul>\n<li>Se recomienda utilizar la versio\u0301n oficial del software puesta a disposicio\u0301n por Google para el acceso a Google Meet. En el caso de su uso a trave\u0301s de dispositivos mo\u0301viles, se requiere descargar la aplicacio\u0301n. El acceso a trave\u0301s de ordenador se realiza a trave\u0301s del propio navegador, sin necesidad de descarga previa.<\/li>\n<\/ul>\n<h2><strong>Compromisos y exoneraciones de responsabilidad por parte de Fundaci\u00f3n Canal<\/strong><\/h2>\n<ul>\n<li>La Fundaci\u00f3n Canal se compromete a mantener la confidencialidad y reserva sobre toda la informaci\u00f3n a la que pudiera acceder durante la celebraci\u00f3n de la actividad, si bien manifiesta que en ning\u00fan caso grabar\u00e1 ni recabar\u00e1 o acceder\u00e1 a datos personales de los participantes, m\u00e1s all\u00e1 de los que \u00e9stos hayan facilitado al inscribirse. No obstante lo anterior, en caso de que accidentalmente o por la propia configuraci\u00f3n de la plataforma, la Fundaci\u00f3n accediera a este tipo de informaci\u00f3n durante el desarrollo de la actividad, se compromete a mantener la confidencialidad de la misma.<\/li>\n<li>La Fundaci\u00f3n Canal en ning\u00fan caso se responsabilizar\u00e1 de aquellos incumplimientos en que pudieran incurrir los participantes durante el desarrollo de la actividad, as\u00ed como tampoco de las opiniones vertidas por \u00e9stos durante la misma ni de las consecuencias que de ello se pudieran derivar.<\/li>\n<li>De igual modo, la Fundaci\u00f3n Canal en ning\u00fan caso se responsabilizar\u00e1 de los problemas de seguridad, t\u00e9cnicos o de conexi\u00f3n que se pudieran producir durante el desarrollo de la actividad, en particular de los que vinieran provocados por las herramientas utilizadas en la actividad.<\/li>\n<\/ul>\n<\/div><\/section>\n\n","protected":false},"excerpt":{"rendered":"","protected":false},"author":1,"featured_media":0,"parent":0,"menu_order":0,"comment_status":"closed","ping_status":"open","template":"","meta":{"inline_featured_image":false,"footnotes":""},"class_list":["post-28870","page","type-page","status-publish","hentry"],"yoast_head":"<!-- This site is optimized with the Yoast SEO plugin v27.5 - https:\/\/yoast.com\/product\/yoast-seo-wordpress\/ -->\n<title>Instrucciones Webinar para docentes - Canal Educa<\/title>\n<meta name=\"description\" content=\"Instrucciones Webinar para docentes de Canal Educa en la Fundaci\u00f3n Canal.\" \/>\n<meta name=\"robots\" content=\"index, follow, max-snippet:-1, max-image-preview:large, max-video-preview:-1\" \/>\n<link rel=\"canonical\" href=\"https:\/\/www.fundacioncanal.com\/canaleduca\/instrucciones-webinar-para-docentes\/\" \/>\n<meta property=\"og:locale\" content=\"es_ES\" \/>\n<meta property=\"og:type\" content=\"article\" \/>\n<meta property=\"og:title\" content=\"Instrucciones Webinar para docentes - Canal Educa\" \/>\n<meta property=\"og:description\" content=\"Instrucciones Webinar para docentes de Canal Educa en la Fundaci\u00f3n Canal.\" \/>\n<meta property=\"og:url\" content=\"https:\/\/www.fundacioncanal.com\/canaleduca\/instrucciones-webinar-para-docentes\/\" \/>\n<meta property=\"og:site_name\" content=\"Canal Educa\" \/>\n<meta property=\"article:publisher\" content=\"https:\/\/www.facebook.com\/FundacionCanalMadrid\/\" \/>\n<meta property=\"article:modified_time\" content=\"2022-02-03T11:35:26+00:00\" \/>\n<meta name=\"twitter:card\" content=\"summary_large_image\" \/>\n<meta name=\"twitter:site\" content=\"@fundacioncanal\" \/>\n<meta name=\"twitter:label1\" content=\"Tiempo de lectura\" \/>\n\t<meta name=\"twitter:data1\" content=\"5 minutos\" \/>\n<script type=\"application\/ld+json\" class=\"yoast-schema-graph\">{\"@context\":\"https:\\\/\\\/schema.org\",\"@graph\":[{\"@type\":\"WebPage\",\"@id\":\"https:\\\/\\\/www.fundacioncanal.com\\\/canaleduca\\\/instrucciones-webinar-para-docentes\\\/\",\"url\":\"https:\\\/\\\/www.fundacioncanal.com\\\/canaleduca\\\/instrucciones-webinar-para-docentes\\\/\",\"name\":\"Instrucciones Webinar para docentes - Canal Educa\",\"isPartOf\":{\"@id\":\"https:\\\/\\\/www.fundacioncanal.com\\\/canaleduca\\\/#website\"},\"datePublished\":\"2022-01-03T16:20:48+00:00\",\"dateModified\":\"2022-02-03T11:35:26+00:00\",\"description\":\"Instrucciones Webinar para docentes de Canal Educa en la Fundaci\u00f3n Canal.\",\"breadcrumb\":{\"@id\":\"https:\\\/\\\/www.fundacioncanal.com\\\/canaleduca\\\/instrucciones-webinar-para-docentes\\\/#breadcrumb\"},\"inLanguage\":\"es\",\"potentialAction\":[{\"@type\":\"ReadAction\",\"target\":[\"https:\\\/\\\/www.fundacioncanal.com\\\/canaleduca\\\/instrucciones-webinar-para-docentes\\\/\"]}]},{\"@type\":\"BreadcrumbList\",\"@id\":\"https:\\\/\\\/www.fundacioncanal.com\\\/canaleduca\\\/instrucciones-webinar-para-docentes\\\/#breadcrumb\",\"itemListElement\":[{\"@type\":\"ListItem\",\"position\":1,\"name\":\"Portada\",\"item\":\"https:\\\/\\\/www.fundacioncanal.com\\\/canaleduca\\\/inicio\\\/\"},{\"@type\":\"ListItem\",\"position\":2,\"name\":\"Instrucciones Webinar para docentes\"}]},{\"@type\":\"WebSite\",\"@id\":\"https:\\\/\\\/www.fundacioncanal.com\\\/canaleduca\\\/#website\",\"url\":\"https:\\\/\\\/www.fundacioncanal.com\\\/canaleduca\\\/\",\"name\":\"Canal Educa\",\"description\":\"Canal Educa - Canal Educa es el programa educativo de la Fundaci\u00f3n Canal que, desde 1991, fomenta el conocimiento del ciclo del agua y la sostenibilidad entre todos los centros educativos de la Comunidad de Madrid con una innovadora oferta de actividades presenciales y online.\",\"publisher\":{\"@id\":\"https:\\\/\\\/www.fundacioncanal.com\\\/canaleduca\\\/#organization\"},\"potentialAction\":[{\"@type\":\"SearchAction\",\"target\":{\"@type\":\"EntryPoint\",\"urlTemplate\":\"https:\\\/\\\/www.fundacioncanal.com\\\/canaleduca\\\/?s={search_term_string}\"},\"query-input\":{\"@type\":\"PropertyValueSpecification\",\"valueRequired\":true,\"valueName\":\"search_term_string\"}}],\"inLanguage\":\"es\"},{\"@type\":\"Organization\",\"@id\":\"https:\\\/\\\/www.fundacioncanal.com\\\/canaleduca\\\/#organization\",\"name\":\"Canal Educa\",\"url\":\"https:\\\/\\\/www.fundacioncanal.com\\\/canaleduca\\\/\",\"logo\":{\"@type\":\"ImageObject\",\"inLanguage\":\"es\",\"@id\":\"https:\\\/\\\/www.fundacioncanal.com\\\/canaleduca\\\/#\\\/schema\\\/logo\\\/image\\\/\",\"url\":\"https:\\\/\\\/www.fundacioncanal.com\\\/canaleduca\\\/wp-content\\\/uploads\\\/2019\\\/09\\\/canaleduca-logo.jpg\",\"contentUrl\":\"https:\\\/\\\/www.fundacioncanal.com\\\/canaleduca\\\/wp-content\\\/uploads\\\/2019\\\/09\\\/canaleduca-logo.jpg\",\"width\":241,\"height\":68,\"caption\":\"Canal Educa\"},\"image\":{\"@id\":\"https:\\\/\\\/www.fundacioncanal.com\\\/canaleduca\\\/#\\\/schema\\\/logo\\\/image\\\/\"},\"sameAs\":[\"https:\\\/\\\/www.facebook.com\\\/FundacionCanalMadrid\\\/\",\"https:\\\/\\\/x.com\\\/fundacioncanal\",\"https:\\\/\\\/www.instagram.com\\\/fundacioncanal\\\/\",\"https:\\\/\\\/www.linkedin.com\\\/company\\\/fundaci\u00f3n-canal\\\/\",\"https:\\\/\\\/www.youtube.com\\\/user\\\/FundacionCanal\"]}]}<\/script>\n<!-- \/ Yoast SEO plugin. -->","yoast_head_json":{"title":"Instrucciones Webinar para docentes - Canal Educa","description":"Instrucciones Webinar para docentes de Canal Educa en la Fundaci\u00f3n Canal.","robots":{"index":"index","follow":"follow","max-snippet":"max-snippet:-1","max-image-preview":"max-image-preview:large","max-video-preview":"max-video-preview:-1"},"canonical":"https:\/\/www.fundacioncanal.com\/canaleduca\/instrucciones-webinar-para-docentes\/","og_locale":"es_ES","og_type":"article","og_title":"Instrucciones Webinar para docentes - Canal Educa","og_description":"Instrucciones Webinar para docentes de Canal Educa en la Fundaci\u00f3n Canal.","og_url":"https:\/\/www.fundacioncanal.com\/canaleduca\/instrucciones-webinar-para-docentes\/","og_site_name":"Canal Educa","article_publisher":"https:\/\/www.facebook.com\/FundacionCanalMadrid\/","article_modified_time":"2022-02-03T11:35:26+00:00","twitter_card":"summary_large_image","twitter_site":"@fundacioncanal","twitter_misc":{"Tiempo de lectura":"5 minutos"},"schema":{"@context":"https:\/\/schema.org","@graph":[{"@type":"WebPage","@id":"https:\/\/www.fundacioncanal.com\/canaleduca\/instrucciones-webinar-para-docentes\/","url":"https:\/\/www.fundacioncanal.com\/canaleduca\/instrucciones-webinar-para-docentes\/","name":"Instrucciones Webinar para docentes - Canal Educa","isPartOf":{"@id":"https:\/\/www.fundacioncanal.com\/canaleduca\/#website"},"datePublished":"2022-01-03T16:20:48+00:00","dateModified":"2022-02-03T11:35:26+00:00","description":"Instrucciones Webinar para docentes de Canal Educa en la Fundaci\u00f3n Canal.","breadcrumb":{"@id":"https:\/\/www.fundacioncanal.com\/canaleduca\/instrucciones-webinar-para-docentes\/#breadcrumb"},"inLanguage":"es","potentialAction":[{"@type":"ReadAction","target":["https:\/\/www.fundacioncanal.com\/canaleduca\/instrucciones-webinar-para-docentes\/"]}]},{"@type":"BreadcrumbList","@id":"https:\/\/www.fundacioncanal.com\/canaleduca\/instrucciones-webinar-para-docentes\/#breadcrumb","itemListElement":[{"@type":"ListItem","position":1,"name":"Portada","item":"https:\/\/www.fundacioncanal.com\/canaleduca\/inicio\/"},{"@type":"ListItem","position":2,"name":"Instrucciones Webinar para docentes"}]},{"@type":"WebSite","@id":"https:\/\/www.fundacioncanal.com\/canaleduca\/#website","url":"https:\/\/www.fundacioncanal.com\/canaleduca\/","name":"Canal Educa","description":"Canal Educa - Canal Educa es el programa educativo de la Fundaci\u00f3n Canal que, desde 1991, fomenta el conocimiento del ciclo del agua y la sostenibilidad entre todos los centros educativos de la Comunidad de Madrid con una innovadora oferta de actividades presenciales y online.","publisher":{"@id":"https:\/\/www.fundacioncanal.com\/canaleduca\/#organization"},"potentialAction":[{"@type":"SearchAction","target":{"@type":"EntryPoint","urlTemplate":"https:\/\/www.fundacioncanal.com\/canaleduca\/?s={search_term_string}"},"query-input":{"@type":"PropertyValueSpecification","valueRequired":true,"valueName":"search_term_string"}}],"inLanguage":"es"},{"@type":"Organization","@id":"https:\/\/www.fundacioncanal.com\/canaleduca\/#organization","name":"Canal Educa","url":"https:\/\/www.fundacioncanal.com\/canaleduca\/","logo":{"@type":"ImageObject","inLanguage":"es","@id":"https:\/\/www.fundacioncanal.com\/canaleduca\/#\/schema\/logo\/image\/","url":"https:\/\/www.fundacioncanal.com\/canaleduca\/wp-content\/uploads\/2019\/09\/canaleduca-logo.jpg","contentUrl":"https:\/\/www.fundacioncanal.com\/canaleduca\/wp-content\/uploads\/2019\/09\/canaleduca-logo.jpg","width":241,"height":68,"caption":"Canal Educa"},"image":{"@id":"https:\/\/www.fundacioncanal.com\/canaleduca\/#\/schema\/logo\/image\/"},"sameAs":["https:\/\/www.facebook.com\/FundacionCanalMadrid\/","https:\/\/x.com\/fundacioncanal","https:\/\/www.instagram.com\/fundacioncanal\/","https:\/\/www.linkedin.com\/company\/fundaci\u00f3n-canal\/","https:\/\/www.youtube.com\/user\/FundacionCanal"]}]}},"_links":{"self":[{"href":"https:\/\/www.fundacioncanal.com\/canaleduca\/wp-json\/wp\/v2\/pages\/28870","targetHints":{"allow":["GET"]}}],"collection":[{"href":"https:\/\/www.fundacioncanal.com\/canaleduca\/wp-json\/wp\/v2\/pages"}],"about":[{"href":"https:\/\/www.fundacioncanal.com\/canaleduca\/wp-json\/wp\/v2\/types\/page"}],"author":[{"embeddable":true,"href":"https:\/\/www.fundacioncanal.com\/canaleduca\/wp-json\/wp\/v2\/users\/1"}],"replies":[{"embeddable":true,"href":"https:\/\/www.fundacioncanal.com\/canaleduca\/wp-json\/wp\/v2\/comments?post=28870"}],"version-history":[{"count":0,"href":"https:\/\/www.fundacioncanal.com\/canaleduca\/wp-json\/wp\/v2\/pages\/28870\/revisions"}],"wp:attachment":[{"href":"https:\/\/www.fundacioncanal.com\/canaleduca\/wp-json\/wp\/v2\/media?parent=28870"}],"curies":[{"name":"wp","href":"https:\/\/api.w.org\/{rel}","templated":true}]}}